{"id":18395,"date":"2025-09-01T14:20:48","date_gmt":"2025-09-01T14:20:48","guid":{"rendered":"https:\/\/totuart.com\/?page_id=18395.html"},"modified":"2025-12-18T18:16:39","modified_gmt":"2025-12-18T18:16:39","slug":"bizuteria","status":"publish","type":"page","link":"https:\/\/totuart.com\/pl\/bizuteria.html","title":{"rendered":"Bi\u017cuteria"},"content":{"rendered":"\t\t<div data-elementor-type=\"wp-page\" data-elementor-id=\"18395\" class=\"elementor elementor-18395\">\n\t\t\t\t\t\t\t\t\t<section class=\"elementor-section elementor-top-section elementor-element elementor-element-213a6b0f elementor-section-full_width elementor-section-content-middle elementor-section-height-default elementor-section-height-default\" data-id=\"213a6b0f\" data-element_type=\"section\">\n\t\t\t\t\t\t<div class=\"elementor-container elementor-column-gap-default\">\n\t\t\t\t\t<div class=\"elementor-column elementor-col-50 elementor-top-column elementor-element elementor-element-46328545\" data-id=\"46328545\" data-element_type=\"column\">\n\t\t\t<div class=\"elementor-widget-wrap elementor-element-populated\">\n\t\t\t\t\t\t\t\t<div class=\"elementor-element elementor-element-728a1ea7 elementor-widget__width-inherit elementor-widget elementor-widget-image-box\" data-id=\"728a1ea7\" data-element_type=\"widget\" data-widget_type=\"image-box.default\">\n\t\t\t\t<div class=\"elementor-widget-container\">\n\t\t\t<style>\/*! elementor - v3.7.4 - 31-08-2022 *\/\n.elementor-widget-image-box .elementor-image-box-content{width:100%}@media (min-width:768px){.elementor-widget-image-box.elementor-position-left .elementor-image-box-wrapper,.elementor-widget-image-box.elementor-position-right .elementor-image-box-wrapper{display:-webkit-box;display:-ms-flexbox;display:flex}.elementor-widget-image-box.elementor-position-right .elementor-image-box-wrapper{text-align:right;-webkit-box-orient:horizontal;-webkit-box-direction:reverse;-ms-flex-direction:row-reverse;flex-direction:row-reverse}.elementor-widget-image-box.elementor-position-left .elementor-image-box-wrapper{text-align:left;-webkit-box-orient:horizontal;-webkit-box-direction:normal;-ms-flex-direction:row;flex-direction:row}.elementor-widget-image-box.elementor-position-top .elementor-image-box-img{margin:auto}.elementor-widget-image-box.elementor-vertical-align-top .elementor-image-box-wrapper{-webkit-box-align:start;-ms-flex-align:start;align-items:flex-start}.elementor-widget-image-box.elementor-vertical-align-middle .elementor-image-box-wrapper{-webkit-box-align:center;-ms-flex-align:center;align-items:center}.elementor-widget-image-box.elementor-vertical-align-bottom .elementor-image-box-wrapper{-webkit-box-align:end;-ms-flex-align:end;align-items:flex-end}}@media (max-width:767px){.elementor-widget-image-box .elementor-image-box-img{margin-left:auto!important;margin-right:auto!important;margin-bottom:15px}}.elementor-widget-image-box .elementor-image-box-img{display:inline-block}.elementor-widget-image-box .elementor-image-box-title a{color:inherit}.elementor-widget-image-box .elementor-image-box-wrapper{text-align:center}.elementor-widget-image-box .elementor-image-box-description{margin:0}<\/style><figure class=\"image-box\" data-scroll data-scroll-speed=\"\"> <img src=\"https:\/\/totuart.com\/wp-content\/uploads\/2025\/09\/Olbinski_Shot_2.jpg\" alt=\"Image\"><\/figure>\n\t\t<\/div>\n\t\t\t\t<\/div>\n\t\t\t\t\t<\/div>\n\t\t<\/div>\n\t\t\t\t<div class=\"elementor-column elementor-col-50 elementor-top-column elementor-element elementor-element-2e57d84e\" data-id=\"2e57d84e\" data-element_type=\"column\">\n\t\t\t<div class=\"elementor-widget-wrap elementor-element-populated\">\n\t\t\t\t\t\t\t\t<div class=\"elementor-element elementor-element-93da936 elementor-widget__width-inherit elementor-widget elementor-widget-text-editor\" data-id=\"93da936\" data-element_type=\"widget\" data-widget_type=\"text-editor.default\">\n\t\t\t\t<div class=\"elementor-widget-container\">\n\t\t\t<style>\/*! elementor - v3.7.4 - 31-08-2022 *\/\n.elementor-widget-text-editor.elementor-drop-cap-view-stacked .elementor-drop-cap{background-color:#818a91;color:#fff}.elementor-widget-text-editor.elementor-drop-cap-view-framed .elementor-drop-cap{color:#818a91;border:3px solid;background-color:transparent}.elementor-widget-text-editor:not(.elementor-drop-cap-view-default) .elementor-drop-cap{margin-top:8px}.elementor-widget-text-editor:not(.elementor-drop-cap-view-default) .elementor-drop-cap-letter{width:1em;height:1em}.elementor-widget-text-editor .elementor-drop-cap{float:left;text-align:center;line-height:1;font-size:50px}.elementor-widget-text-editor .elementor-drop-cap-letter{display:inline-block}<\/style>\t\t\t\t<p>Wyj\u0105tkowa tw\u00f3rczo\u015b\u0107 Rafa\u0142a Olbi\u0144skiego \u2013 \u015bwiatowej s\u0142awy malarza, rysownika, plakacisty i rze\u017abiarza \u2013 znalaz\u0142a swoj\u0105 kontynuacj\u0119 w unikatowej kolekcji bi\u017cuterii artystycznej. Inspiracj\u0105 do jej powstania sta\u0142a si\u0119 monumentalna rze\u017aba przedstawiaj\u0105ca sylwetk\u0119 byka z u\u015bciskiem d\u0142oni \u2013 symbol dialogu i porozumienia \u2013 kt\u00f3ra zago\u015bci\u0142a w sercu miasta Katowice.<\/p><p>To niezwyk\u0142e dzie\u0142o zosta\u0142o prze\u0142o\u017cone na form\u0119 bi\u017cuterii \u2013 eleganckiego wisiorka w dw\u00f3ch wielko\u015bciach oraz wpinki na szpilce do wpi\u0119cia w klap\u0119 marynarki. Ka\u017cdy detal wykonano z najwy\u017csz\u0105 precyzj\u0105, w limitowanej edycji 200 egzemplarzy, ze srebra poz\u0142acanego.<\/p><p>Ka\u017cdy egzemplarz jest sygnowany nazwiskiem artysty i oznaczony indywidualnym numerem serii, co czyni go kolekcjonerskim rarytasem. A do kompletu do\u0142\u0105czony jest certyfikat autentyczno\u015bci.<\/p>\t\t\t\t\t\t<\/div>\n\t\t\t\t<\/div>\n\t\t\t\t\t<\/div>\n\t\t<\/div>\n\t\t\t\t\t\t\t<\/div>\n\t\t<\/section>\n\t\t\t\t<section class=\"elementor-section elementor-top-section elementor-element elementor-element-eb3d64b elementor-section-boxed elementor-section-height-default elementor-section-height-default\" data-id=\"eb3d64b\" data-element_type=\"section\">\n\t\t\t\t\t\t<div class=\"elementor-container elementor-column-gap-default\">\n\t\t\t\t\t<div class=\"elementor-column elementor-col-100 elementor-top-column elementor-element elementor-element-f42b35b\" data-id=\"f42b35b\" data-element_type=\"column\">\n\t\t\t<div class=\"elementor-widget-wrap elementor-element-populated\">\n\t\t\t\t\t\t\t\t<div class=\"elementor-element elementor-element-cf4137c elementor-widget elementor-widget-image\" data-id=\"cf4137c\" data-element_type=\"widget\" data-widget_type=\"image.default\">\n\t\t\t\t<div class=\"elementor-widget-container\">\n\t\t\t<style>\/*! elementor - v3.7.4 - 31-08-2022 *\/\n.elementor-widget-image{text-align:center}.elementor-widget-image a{display:inline-block}.elementor-widget-image a img[src$=\".svg\"]{width:48px}.elementor-widget-image img{vertical-align:middle;display:inline-block}<\/style>\t\t\t\t\t\t\t\t\t\t\t\t<img width=\"2560\" height=\"1698\" src=\"https:\/\/totuart.com\/wp-content\/uploads\/2025\/09\/3-scaled.jpg\" class=\"attachment-full size-full\" alt=\"\" loading=\"lazy\" srcset=\"https:\/\/totuart.com\/wp-content\/uploads\/2025\/09\/3-scaled.jpg 2560w, https:\/\/totuart.com\/wp-content\/uploads\/2025\/09\/3-300x199.jpg 300w, https:\/\/totuart.com\/wp-content\/uploads\/2025\/09\/3-1024x679.jpg 1024w, https:\/\/totuart.com\/wp-content\/uploads\/2025\/09\/3-768x509.jpg 768w, https:\/\/totuart.com\/wp-content\/uploads\/2025\/09\/3-1536x1019.jpg 1536w, https:\/\/totuart.com\/wp-content\/uploads\/2025\/09\/3-2048x1358.jpg 2048w\" sizes=\"(max-width: 2560px) 100vw, 2560px\" \/>\t\t\t\t\t\t\t\t\t\t\t\t\t\t\t<\/div>\n\t\t\t\t<\/div>\n\t\t\t\t\t<\/div>\n\t\t<\/div>\n\t\t\t\t\t\t\t<\/div>\n\t\t<\/section>\n\t\t\t\t<section class=\"elementor-section elementor-top-section elementor-element elementor-element-56c728b elementor-section-boxed elementor-section-height-default elementor-section-height-default\" data-id=\"56c728b\" data-element_type=\"section\">\n\t\t\t\t\t\t<div class=\"elementor-container elementor-column-gap-default\">\n\t\t\t\t\t<div class=\"elementor-column elementor-col-100 elementor-top-column elementor-element elementor-element-b932d17\" data-id=\"b932d17\" data-element_type=\"column\">\n\t\t\t<div class=\"elementor-widget-wrap elementor-element-populated\">\n\t\t\t\t\t\t\t\t<div class=\"elementor-element elementor-element-db5e518 elementor-align-center elementor-widget elementor-widget-button\" data-id=\"db5e518\" data-element_type=\"widget\" data-widget_type=\"button.default\">\n\t\t\t\t<div class=\"elementor-widget-container\">\n\t\t\t\t\t<div class=\"elementor-button-wrapper\">\n\t\t\t<a href=\"https:\/\/totuart.com\/pl\/bizuteria-rafal-olbinski.html\" class=\"elementor-button-link elementor-button elementor-size-lg\" role=\"button\">\n\t\t\t\t\t\t<span class=\"elementor-button-content-wrapper\">\n\t\t\t\t\t\t<span class=\"elementor-button-text\">Oferta<\/span>\n\t\t<\/span>\n\t\t\t\t\t<\/a>\n\t\t<\/div>\n\t\t\t\t<\/div>\n\t\t\t\t<\/div>\n\t\t\t\t\t<\/div>\n\t\t<\/div>\n\t\t\t\t\t\t\t<\/div>\n\t\t<\/section>\n\t\t\t\t<section class=\"elementor-section elementor-top-section elementor-element elementor-element-e41d580 elementor-section-full_width elementor-section-content-middle elementor-section-height-default elementor-section-height-default\" data-id=\"e41d580\" data-element_type=\"section\">\n\t\t\t\t\t\t<div class=\"elementor-container elementor-column-gap-default\">\n\t\t\t\t\t<div class=\"elementor-column elementor-col-50 elementor-top-column elementor-element elementor-element-f5d27b7\" data-id=\"f5d27b7\" data-element_type=\"column\">\n\t\t\t<div class=\"elementor-widget-wrap elementor-element-populated\">\n\t\t\t\t\t\t\t\t<div class=\"elementor-element elementor-element-605990e elementor-widget__width-inherit elementor-widget elementor-widget-image-box\" data-id=\"605990e\" data-element_type=\"widget\" data-widget_type=\"image-box.default\">\n\t\t\t\t<div class=\"elementor-widget-container\">\n\t\t\t<figure class=\"image-box\" data-scroll data-scroll-speed=\"\"> <img src=\"https:\/\/totuart.com\/wp-content\/uploads\/2025\/12\/5185-1.jpg\" alt=\"Image\"><\/figure>\n\t\t<\/div>\n\t\t\t\t<\/div>\n\t\t\t\t\t<\/div>\n\t\t<\/div>\n\t\t\t\t<div class=\"elementor-column elementor-col-50 elementor-top-column elementor-element elementor-element-7acdf7d\" data-id=\"7acdf7d\" data-element_type=\"column\">\n\t\t\t<div class=\"elementor-widget-wrap elementor-element-populated\">\n\t\t\t\t\t\t\t\t<div class=\"elementor-element elementor-element-9ec5230 elementor-widget__width-inherit elementor-widget elementor-widget-text-editor\" data-id=\"9ec5230\" data-element_type=\"widget\" data-widget_type=\"text-editor.default\">\n\t\t\t\t<div class=\"elementor-widget-container\">\n\t\t\t\t\t\t\t<p>Bi\u017cuteria\u00a0<strong>SURPRISE<\/strong> powsta\u0142a z inspiracji najbardziej ikonicznymi motywami z obraz\u00f3w Rafa\u0142a Olbi\u0144skiego. Pierwszym z nich jest <strong>\u0142ab\u0119d\u017a<\/strong>\u00a0\u2013 symbol pi\u0119kna i harmonii \u2013 zaprezentowany w formie wisiorka, kolczyk\u00f3w oraz pier\u015bcionka. W jego oku subtelnie po\u0142yskuje cyrkonia, dodaj\u0105c bi\u017cuterii \u015bwiat\u0142a i tajemniczej elegancji.<br \/>Motyw \u0142ab\u0119dzia od wiek\u00f3w obecny jest r\u00f3wnie\u017c w mitologii. Wed\u0142ug greckiej opowie\u015bci,\u00a0Zeus, pragn\u0105c zbli\u017cy\u0107 si\u0119 do pi\u0119knej\u00a0Ledy, przybra\u0142 posta\u0107 \u0142ab\u0119dzia. Zst\u0105pi\u0142 na ziemi\u0119 jako uosobienie wdzi\u0119ku i \u015bwiat\u0142a, splataj\u0105c bosko\u015b\u0107 z ludzk\u0105 natur\u0105. Ta historia o przemianie, mi\u0142o\u015bci i tajemnicy sta\u0142a si\u0119 inspiracj\u0105 dla wielu artyst\u00f3w \u2014 dzi\u015b odnajduje swoje odbicie r\u00f3wnie\u017c w bi\u017cuterii, gdzie mit, sztuka i forma \u0142\u0105cz\u0105 si\u0119 w jedn\u0105 opowie\u015b\u0107.<\/p><p>Kolejnym motywem kolekcji jest\u00a0<strong>kr\u00f3lewski \u0142ab\u0119d\u017a<\/strong>, kt\u00f3rego tu\u0142\u00f3w przeistacza si\u0119 we wspaniale rozkwitni\u0119t\u0105 r\u00f3\u017c\u0119. To poetyckie po\u0142\u0105czenie si\u0142y i delikatno\u015bci, tak bliskie surrealistycznej wra\u017cliwo\u015bci artysty. Kolekcj\u0119 t\u0119 rozpoczyna symetryczny pier\u015bcionek, sk\u0142adaj\u0105cy si\u0119 z dw\u00f3ch \u0142ab\u0119dzi skierowanych do siebie dziobami i tworz\u0105cymi w ten spos\u00f3b uniwersalny symbol mi\u0142o\u015bci &#8211; serce.<br \/>Wkr\u00f3tce uzupe\u0142nimy ofert\u0119 o pozosta\u0142e elementy kompletu.<\/p>\t\t\t\t\t\t<\/div>\n\t\t\t\t<\/div>\n\t\t\t\t\t<\/div>\n\t\t<\/div>\n\t\t\t\t\t\t\t<\/div>\n\t\t<\/section>\n\t\t\t\t<section class=\"elementor-section elementor-top-section elementor-element elementor-element-875ed81 elementor-section-boxed elementor-section-height-default elementor-section-height-default\" data-id=\"875ed81\" data-element_type=\"section\">\n\t\t\t\t\t\t<div class=\"elementor-container elementor-column-gap-default\">\n\t\t\t\t\t<div class=\"elementor-column elementor-col-100 elementor-top-column elementor-element elementor-element-1b8db64\" data-id=\"1b8db64\" data-element_type=\"column\">\n\t\t\t<div class=\"elementor-widget-wrap elementor-element-populated\">\n\t\t\t\t\t\t\t\t<div class=\"elementor-element elementor-element-3a66994 elementor-widget elementor-widget-image\" data-id=\"3a66994\" data-element_type=\"widget\" data-widget_type=\"image.default\">\n\t\t\t\t<div class=\"elementor-widget-container\">\n\t\t\t\t\t\t\t\t\t\t\t\t\t\t\t<img width=\"2000\" height=\"1414\" src=\"https:\/\/totuart.com\/wp-content\/uploads\/2025\/12\/biz\u0307uteria-SURPRISE-x-7.jpg\" class=\"attachment-full size-full\" alt=\"\" loading=\"lazy\" srcset=\"https:\/\/totuart.com\/wp-content\/uploads\/2025\/12\/biz\u0307uteria-SURPRISE-x-7.jpg 2000w, https:\/\/totuart.com\/wp-content\/uploads\/2025\/12\/biz\u0307uteria-SURPRISE-x-7-300x212.jpg 300w, https:\/\/totuart.com\/wp-content\/uploads\/2025\/12\/biz\u0307uteria-SURPRISE-x-7-1024x724.jpg 1024w, https:\/\/totuart.com\/wp-content\/uploads\/2025\/12\/biz\u0307uteria-SURPRISE-x-7-768x543.jpg 768w, https:\/\/totuart.com\/wp-content\/uploads\/2025\/12\/biz\u0307uteria-SURPRISE-x-7-1536x1086.jpg 1536w\" sizes=\"(max-width: 2000px) 100vw, 2000px\" \/>\t\t\t\t\t\t\t\t\t\t\t\t\t\t\t<\/div>\n\t\t\t\t<\/div>\n\t\t\t\t\t<\/div>\n\t\t<\/div>\n\t\t\t\t\t\t\t<\/div>\n\t\t<\/section>\n\t\t\t\t<section class=\"elementor-section elementor-top-section elementor-element elementor-element-3ba8c27 elementor-section-boxed elementor-section-height-default elementor-section-height-default\" data-id=\"3ba8c27\" data-element_type=\"section\">\n\t\t\t\t\t\t<div class=\"elementor-container elementor-column-gap-default\">\n\t\t\t\t\t<div class=\"elementor-column elementor-col-100 elementor-top-column elementor-element elementor-element-6026ba0\" data-id=\"6026ba0\" data-element_type=\"column\">\n\t\t\t<div class=\"elementor-widget-wrap elementor-element-populated\">\n\t\t\t\t\t\t\t\t<div class=\"elementor-element elementor-element-500a341 elementor-align-center elementor-widget elementor-widget-button\" data-id=\"500a341\" data-element_type=\"widget\" data-widget_type=\"button.default\">\n\t\t\t\t<div class=\"elementor-widget-container\">\n\t\t\t\t\t<div class=\"elementor-button-wrapper\">\n\t\t\t<a href=\"https:\/\/totuart.com\/pl\/bizuteria-surprise.html\" class=\"elementor-button-link elementor-button elementor-size-lg\" role=\"button\">\n\t\t\t\t\t\t<span class=\"elementor-button-content-wrapper\">\n\t\t\t\t\t\t<span class=\"elementor-button-text\">Oferta<\/span>\n\t\t<\/span>\n\t\t\t\t\t<\/a>\n\t\t<\/div>\n\t\t\t\t<\/div>\n\t\t\t\t<\/div>\n\t\t\t\t\t<\/div>\n\t\t<\/div>\n\t\t\t\t\t\t\t<\/div>\n\t\t<\/section>\n\t\t\t\t\t\t\t<\/div>\n\t\t","protected":false},"excerpt":{"rendered":"<p>Wyj\u0105tkowa tw\u00f3rczo\u015b\u0107 Rafa\u0142a Olbi\u0144skiego \u2013 \u015bwiatowej s\u0142awy malarza, rysownika, plakacisty i rze\u017abiarza \u2013 znalaz\u0142a swoj\u0105 kontynuacj\u0119 w unikatowej kolekcji bi\u017cuterii artystycznej. Inspiracj\u0105 do jej powstania sta\u0142a si\u0119 monumentalna rze\u017aba przedstawiaj\u0105ca sylwetk\u0119 byka z u\u015bciskiem d\u0142oni \u2013 symbol dialogu i porozumienia \u2013 kt\u00f3ra zago\u015bci\u0142a w sercu miasta Katowice. To niezwyk\u0142e dzie\u0142o zosta\u0142o prze\u0142o\u017cone na form\u0119 bi\u017cuterii [&hellip;]<\/p>\n","protected":false},"author":7,"featured_media":0,"parent":0,"menu_order":0,"comment_status":"closed","ping_status":"closed","template":"","meta":[],"yoast_head":"<!-- This site is optimized with the Yoast SEO plugin v19.4 - https:\/\/yoast.com\/wordpress\/plugins\/seo\/ -->\n<title>Bi\u017cuteria - ToTuart<\/title>\n<meta name=\"robots\" content=\"index, follow, max-snippet:-1, max-image-preview:large, max-video-preview:-1\" \/>\n<link rel=\"canonical\" href=\"https:\/\/totuart.com\/pl\/bizuteria.html\" \/>\n<meta name=\"twitter:label1\" content=\"Szacowany czas czytania\" \/>\n\t<meta name=\"twitter:data1\" content=\"3 minuty\" \/>\n<script type=\"application\/ld+json\" class=\"yoast-schema-graph\">{\"@context\":\"https:\/\/schema.org\",\"@graph\":[{\"@type\":\"Organization\",\"@id\":\"https:\/\/totuart.com\/pl\/#organization\",\"name\":\"ToTuart\",\"url\":\"https:\/\/totuart.com\/pl\/\",\"sameAs\":[\"https:\/\/www.instagram.com\/totuart\/\",\"https:\/\/pl.pinterest.com\/totuart_warsaw\/\",\"https:\/\/www.facebook.com\/ToTuart.gallery\/\"],\"logo\":{\"@type\":\"ImageObject\",\"inLanguage\":\"pl-PL\",\"@id\":\"https:\/\/totuart.com\/pl\/#\/schema\/logo\/image\/\",\"url\":\"https:\/\/totuart.com\/wp-content\/uploads\/2021\/11\/logo-dark.png\",\"contentUrl\":\"https:\/\/totuart.com\/wp-content\/uploads\/2021\/11\/logo-dark.png\",\"width\":249,\"height\":60,\"caption\":\"ToTuart\"},\"image\":{\"@id\":\"https:\/\/totuart.com\/pl\/#\/schema\/logo\/image\/\"}},{\"@type\":\"WebSite\",\"@id\":\"https:\/\/totuart.com\/pl\/#website\",\"url\":\"https:\/\/totuart.com\/pl\/\",\"name\":\"ToTuart\",\"description\":\"Galeria Sztuki ToTuart - dzie\u0142a sztuki, malarstwo\",\"publisher\":{\"@id\":\"https:\/\/totuart.com\/pl\/#organization\"},\"potentialAction\":[{\"@type\":\"SearchAction\",\"target\":{\"@type\":\"EntryPoint\",\"urlTemplate\":\"https:\/\/totuart.com\/pl\/?s={search_term_string}\"},\"query-input\":\"required name=search_term_string\"}],\"inLanguage\":\"pl-PL\"},{\"@type\":\"WebPage\",\"@id\":\"https:\/\/totuart.com\/pl\/bizuteria.html\",\"url\":\"https:\/\/totuart.com\/pl\/bizuteria.html\",\"name\":\"Bi\u017cuteria - ToTuart\",\"isPartOf\":{\"@id\":\"https:\/\/totuart.com\/pl\/#website\"},\"datePublished\":\"2025-09-01T14:20:48+00:00\",\"dateModified\":\"2025-12-18T18:16:39+00:00\",\"breadcrumb\":{\"@id\":\"https:\/\/totuart.com\/pl\/bizuteria.html#breadcrumb\"},\"inLanguage\":\"pl-PL\",\"potentialAction\":[{\"@type\":\"ReadAction\",\"target\":[\"https:\/\/totuart.com\/pl\/bizuteria.html\"]}]},{\"@type\":\"BreadcrumbList\",\"@id\":\"https:\/\/totuart.com\/pl\/bizuteria.html#breadcrumb\",\"itemListElement\":[{\"@type\":\"ListItem\",\"position\":1,\"name\":\"Strona g\u0142\u00f3wna\",\"item\":\"https:\/\/totuart.com\/pl\/pl.html\"},{\"@type\":\"ListItem\",\"position\":2,\"name\":\"Bi\u017cuteria\"}]}]}<\/script>\n<!-- \/ Yoast SEO plugin. -->","yoast_head_json":{"title":"Bi\u017cuteria - ToTuart","robots":{"index":"index","follow":"follow","max-snippet":"max-snippet:-1","max-image-preview":"max-image-preview:large","max-video-preview":"max-video-preview:-1"},"canonical":"https:\/\/totuart.com\/pl\/bizuteria.html","twitter_misc":{"Szacowany czas czytania":"3 minuty"},"schema":{"@context":"https:\/\/schema.org","@graph":[{"@type":"Organization","@id":"https:\/\/totuart.com\/pl\/#organization","name":"ToTuart","url":"https:\/\/totuart.com\/pl\/","sameAs":["https:\/\/www.instagram.com\/totuart\/","https:\/\/pl.pinterest.com\/totuart_warsaw\/","https:\/\/www.facebook.com\/ToTuart.gallery\/"],"logo":{"@type":"ImageObject","inLanguage":"pl-PL","@id":"https:\/\/totuart.com\/pl\/#\/schema\/logo\/image\/","url":"https:\/\/totuart.com\/wp-content\/uploads\/2021\/11\/logo-dark.png","contentUrl":"https:\/\/totuart.com\/wp-content\/uploads\/2021\/11\/logo-dark.png","width":249,"height":60,"caption":"ToTuart"},"image":{"@id":"https:\/\/totuart.com\/pl\/#\/schema\/logo\/image\/"}},{"@type":"WebSite","@id":"https:\/\/totuart.com\/pl\/#website","url":"https:\/\/totuart.com\/pl\/","name":"ToTuart","description":"Galeria Sztuki ToTuart - dzie\u0142a sztuki, malarstwo","publisher":{"@id":"https:\/\/totuart.com\/pl\/#organization"},"potentialAction":[{"@type":"SearchAction","target":{"@type":"EntryPoint","urlTemplate":"https:\/\/totuart.com\/pl\/?s={search_term_string}"},"query-input":"required name=search_term_string"}],"inLanguage":"pl-PL"},{"@type":"WebPage","@id":"https:\/\/totuart.com\/pl\/bizuteria.html","url":"https:\/\/totuart.com\/pl\/bizuteria.html","name":"Bi\u017cuteria - ToTuart","isPartOf":{"@id":"https:\/\/totuart.com\/pl\/#website"},"datePublished":"2025-09-01T14:20:48+00:00","dateModified":"2025-12-18T18:16:39+00:00","breadcrumb":{"@id":"https:\/\/totuart.com\/pl\/bizuteria.html#breadcrumb"},"inLanguage":"pl-PL","potentialAction":[{"@type":"ReadAction","target":["https:\/\/totuart.com\/pl\/bizuteria.html"]}]},{"@type":"BreadcrumbList","@id":"https:\/\/totuart.com\/pl\/bizuteria.html#breadcrumb","itemListElement":[{"@type":"ListItem","position":1,"name":"Strona g\u0142\u00f3wna","item":"https:\/\/totuart.com\/pl\/pl.html"},{"@type":"ListItem","position":2,"name":"Bi\u017cuteria"}]}]}},"_links":{"self":[{"href":"https:\/\/totuart.com\/pl\/wp-json\/wp\/v2\/pages\/18395"}],"collection":[{"href":"https:\/\/totuart.com\/pl\/wp-json\/wp\/v2\/pages"}],"about":[{"href":"https:\/\/totuart.com\/pl\/wp-json\/wp\/v2\/types\/page"}],"author":[{"embeddable":true,"href":"https:\/\/totuart.com\/pl\/wp-json\/wp\/v2\/users\/7"}],"replies":[{"embeddable":true,"href":"https:\/\/totuart.com\/pl\/wp-json\/wp\/v2\/comments?post=18395"}],"version-history":[{"count":94,"href":"https:\/\/totuart.com\/pl\/wp-json\/wp\/v2\/pages\/18395\/revisions"}],"predecessor-version":[{"id":19585,"href":"https:\/\/totuart.com\/pl\/wp-json\/wp\/v2\/pages\/18395\/revisions\/19585"}],"wp:attachment":[{"href":"https:\/\/totuart.com\/pl\/wp-json\/wp\/v2\/media?parent=18395"}],"curies":[{"name":"wp","href":"https:\/\/api.w.org\/{rel}","templated":true}]}}