{"id":15686,"date":"2024-03-07T07:50:47","date_gmt":"2024-03-07T07:50:47","guid":{"rendered":"https:\/\/totuart.com\/?page_id=15686.html"},"modified":"2024-07-12T07:31:38","modified_gmt":"2024-07-12T07:31:38","slug":"totuarchitekci","status":"publish","type":"page","link":"https:\/\/totuart.com\/pl\/totuarchitekci.html","title":{"rendered":"ToTuarchitekci"},"content":{"rendered":"<p><img loading=\"lazy\" class=\"wp-image-15694 aligncenter\" title=\"Program ToTuart architekci\" src=\"https:\/\/totuart.com\/wp-content\/uploads\/2024\/03\/Dola\u0328cz-do-programu-fb-insta.jpg\" alt=\"Program ToTuart architekci\" width=\"1295\" height=\"976\" srcset=\"https:\/\/totuart.com\/wp-content\/uploads\/2024\/03\/Dola\u0328cz-do-programu-fb-insta.jpg 1080w, https:\/\/totuart.com\/wp-content\/uploads\/2024\/03\/Dola\u0328cz-do-programu-fb-insta-300x226.jpg 300w, https:\/\/totuart.com\/wp-content\/uploads\/2024\/03\/Dola\u0328cz-do-programu-fb-insta-1024x772.jpg 1024w, https:\/\/totuart.com\/wp-content\/uploads\/2024\/03\/Dola\u0328cz-do-programu-fb-insta-768x579.jpg 768w\" sizes=\"(max-width: 1295px) 100vw, 1295px\" \/><\/p>\n<p>&nbsp;<\/p>\n<h4>Galeria Sztuki i Dom Aukcyjny ToTuart oferuje unikalne mo\u017cliwo\u015bci wsp\u00f3\u0142pracy z projektantami i architektami wn\u0119trz, kt\u00f3rzy poszukuj\u0105 inspiracji i wyj\u0105tkowych dzie\u0142 sztuki:<\/h4>\n<p>&nbsp;<\/p>\n<p><strong>Dzie\u0142a od renomowanych artyst\u00f3w<\/strong><br \/>\nU nas znajd\u0105 Pa\u0144stwo wyj\u0105tkowe obrazy i rze\u017aby od uznanych na \u015bwiecie artyst\u00f3w, takich jak Wojciech Siudmak czy Rafa\u0142 Olbi\u0144ski.<\/p>\n<p><strong>Szeroka oferta rze\u017ab<\/strong><br \/>\nW naszych galeriach znajduje si\u0119 r\u00f3\u017cnorodna oferta rze\u017ab, doskonale pasuj\u0105cych do wielu koncepcji architektonicznych. Bez wzgl\u0119du na charakter projektu, znajd\u0105 Pa\u0144stwo u nas dzie\u0142a, kt\u00f3re idealnie wpisz\u0105 si\u0119 w jego estetyk\u0119 i wyj\u0105tkowo\u015b\u0107.<\/p>\n<p><strong>Proste i transparentne warunki wsp\u00f3\u0142pracy<\/strong><br \/>\nGwarantujemy przejrzyste umowy i jasne zasady wsp\u00f3\u0142pracy. Jest dla nas niezwykle wa\u017cne, aby mieli Pa\u0144stwo pewno\u015b\u0107 co do warunk\u00f3w, na kt\u00f3rych pracujemy.<\/p>\n<p><strong>Wsparcie specjalist\u00f3w<\/strong><br \/>\nNa ka\u017cdym etapie projektowania i wsp\u00f3\u0142pracy otrzymaj\u0105 Pa\u0144stwo pomoc naszych do\u015bwiadczonych historyk\u00f3w sztuki. Oferujemy r\u00f3wnie\u017c mo\u017cliwo\u015b\u0107 prezentacji dzie\u0142 w nowoczesnych wn\u0119trzach naszych galerii, co mo\u017ce by\u0107 inspiruj\u0105cym do\u015bwiadczeniem.<\/p>\n<p>&nbsp;<\/p>\n<p>Zapraszamy do wsp\u00f3\u0142pracy.<br \/>\nJeste\u015bmy do Pa\u0144stwa dyspozycji w razie jakichkolwiek pyta\u0144.<br \/>\nWiktor Paradowski<br \/>\n<a href=\"mailto:w.paradowski@totuart.com\" target=\"_blank\" rel=\"noopener\">w.paradowski@totuart.com<\/a><br \/>\n789 125 706<\/p>\n","protected":false},"excerpt":{"rendered":"<p>&nbsp; Galeria Sztuki i Dom Aukcyjny ToTuart oferuje unikalne mo\u017cliwo\u015bci wsp\u00f3\u0142pracy z projektantami i architektami wn\u0119trz, kt\u00f3rzy poszukuj\u0105 inspiracji i wyj\u0105tkowych dzie\u0142 sztuki: &nbsp; Dzie\u0142a od renomowanych artyst\u00f3w U nas znajd\u0105 Pa\u0144stwo wyj\u0105tkowe obrazy i rze\u017aby od uznanych na \u015bwiecie artyst\u00f3w, takich jak Wojciech Siudmak czy Rafa\u0142 Olbi\u0144ski. Szeroka oferta rze\u017ab W naszych galeriach znajduje [&hellip;]<\/p>\n","protected":false},"author":7,"featured_media":0,"parent":0,"menu_order":0,"comment_status":"closed","ping_status":"closed","template":"","meta":[],"yoast_head":"<!-- This site is optimized with the Yoast SEO plugin v19.4 - https:\/\/yoast.com\/wordpress\/plugins\/seo\/ -->\n<title>ToTuarchitekci - ToTuart<\/title>\n<meta name=\"robots\" content=\"index, follow, max-snippet:-1, max-image-preview:large, max-video-preview:-1\" \/>\n<link rel=\"canonical\" href=\"https:\/\/totuart.com\/pl\/totuarchitekci.html\" \/>\n<meta name=\"twitter:label1\" content=\"Szacowany czas czytania\" \/>\n\t<meta name=\"twitter:data1\" content=\"2 minuty\" \/>\n<script type=\"application\/ld+json\" class=\"yoast-schema-graph\">{\"@context\":\"https:\/\/schema.org\",\"@graph\":[{\"@type\":\"Organization\",\"@id\":\"https:\/\/totuart.com\/pl\/#organization\",\"name\":\"ToTuart\",\"url\":\"https:\/\/totuart.com\/pl\/\",\"sameAs\":[\"https:\/\/www.instagram.com\/totuart\/\",\"https:\/\/pl.pinterest.com\/totuart_warsaw\/\",\"https:\/\/www.facebook.com\/ToTuart.gallery\/\"],\"logo\":{\"@type\":\"ImageObject\",\"inLanguage\":\"pl-PL\",\"@id\":\"https:\/\/totuart.com\/pl\/#\/schema\/logo\/image\/\",\"url\":\"https:\/\/totuart.com\/wp-content\/uploads\/2021\/11\/logo-dark.png\",\"contentUrl\":\"https:\/\/totuart.com\/wp-content\/uploads\/2021\/11\/logo-dark.png\",\"width\":249,\"height\":60,\"caption\":\"ToTuart\"},\"image\":{\"@id\":\"https:\/\/totuart.com\/pl\/#\/schema\/logo\/image\/\"}},{\"@type\":\"WebSite\",\"@id\":\"https:\/\/totuart.com\/pl\/#website\",\"url\":\"https:\/\/totuart.com\/pl\/\",\"name\":\"ToTuart\",\"description\":\"Galeria Sztuki ToTuart - dzie\u0142a sztuki, malarstwo\",\"publisher\":{\"@id\":\"https:\/\/totuart.com\/pl\/#organization\"},\"potentialAction\":[{\"@type\":\"SearchAction\",\"target\":{\"@type\":\"EntryPoint\",\"urlTemplate\":\"https:\/\/totuart.com\/pl\/?s={search_term_string}\"},\"query-input\":\"required name=search_term_string\"}],\"inLanguage\":\"pl-PL\"},{\"@type\":\"WebPage\",\"@id\":\"https:\/\/totuart.com\/pl\/totuarchitekci.html\",\"url\":\"https:\/\/totuart.com\/pl\/totuarchitekci.html\",\"name\":\"ToTuarchitekci - ToTuart\",\"isPartOf\":{\"@id\":\"https:\/\/totuart.com\/pl\/#website\"},\"datePublished\":\"2024-03-07T07:50:47+00:00\",\"dateModified\":\"2024-07-12T07:31:38+00:00\",\"breadcrumb\":{\"@id\":\"https:\/\/totuart.com\/pl\/totuarchitekci.html#breadcrumb\"},\"inLanguage\":\"pl-PL\",\"potentialAction\":[{\"@type\":\"ReadAction\",\"target\":[\"https:\/\/totuart.com\/pl\/totuarchitekci.html\"]}]},{\"@type\":\"BreadcrumbList\",\"@id\":\"https:\/\/totuart.com\/pl\/totuarchitekci.html#breadcrumb\",\"itemListElement\":[{\"@type\":\"ListItem\",\"position\":1,\"name\":\"Strona g\u0142\u00f3wna\",\"item\":\"https:\/\/totuart.com\/pl\/pl.html\"},{\"@type\":\"ListItem\",\"position\":2,\"name\":\"ToTuarchitekci\"}]}]}<\/script>\n<!-- \/ Yoast SEO plugin. -->","yoast_head_json":{"title":"ToTuarchitekci - ToTuart","robots":{"index":"index","follow":"follow","max-snippet":"max-snippet:-1","max-image-preview":"max-image-preview:large","max-video-preview":"max-video-preview:-1"},"canonical":"https:\/\/totuart.com\/pl\/totuarchitekci.html","twitter_misc":{"Szacowany czas czytania":"2 minuty"},"schema":{"@context":"https:\/\/schema.org","@graph":[{"@type":"Organization","@id":"https:\/\/totuart.com\/pl\/#organization","name":"ToTuart","url":"https:\/\/totuart.com\/pl\/","sameAs":["https:\/\/www.instagram.com\/totuart\/","https:\/\/pl.pinterest.com\/totuart_warsaw\/","https:\/\/www.facebook.com\/ToTuart.gallery\/"],"logo":{"@type":"ImageObject","inLanguage":"pl-PL","@id":"https:\/\/totuart.com\/pl\/#\/schema\/logo\/image\/","url":"https:\/\/totuart.com\/wp-content\/uploads\/2021\/11\/logo-dark.png","contentUrl":"https:\/\/totuart.com\/wp-content\/uploads\/2021\/11\/logo-dark.png","width":249,"height":60,"caption":"ToTuart"},"image":{"@id":"https:\/\/totuart.com\/pl\/#\/schema\/logo\/image\/"}},{"@type":"WebSite","@id":"https:\/\/totuart.com\/pl\/#website","url":"https:\/\/totuart.com\/pl\/","name":"ToTuart","description":"Galeria Sztuki ToTuart - dzie\u0142a sztuki, malarstwo","publisher":{"@id":"https:\/\/totuart.com\/pl\/#organization"},"potentialAction":[{"@type":"SearchAction","target":{"@type":"EntryPoint","urlTemplate":"https:\/\/totuart.com\/pl\/?s={search_term_string}"},"query-input":"required name=search_term_string"}],"inLanguage":"pl-PL"},{"@type":"WebPage","@id":"https:\/\/totuart.com\/pl\/totuarchitekci.html","url":"https:\/\/totuart.com\/pl\/totuarchitekci.html","name":"ToTuarchitekci - ToTuart","isPartOf":{"@id":"https:\/\/totuart.com\/pl\/#website"},"datePublished":"2024-03-07T07:50:47+00:00","dateModified":"2024-07-12T07:31:38+00:00","breadcrumb":{"@id":"https:\/\/totuart.com\/pl\/totuarchitekci.html#breadcrumb"},"inLanguage":"pl-PL","potentialAction":[{"@type":"ReadAction","target":["https:\/\/totuart.com\/pl\/totuarchitekci.html"]}]},{"@type":"BreadcrumbList","@id":"https:\/\/totuart.com\/pl\/totuarchitekci.html#breadcrumb","itemListElement":[{"@type":"ListItem","position":1,"name":"Strona g\u0142\u00f3wna","item":"https:\/\/totuart.com\/pl\/pl.html"},{"@type":"ListItem","position":2,"name":"ToTuarchitekci"}]}]}},"_links":{"self":[{"href":"https:\/\/totuart.com\/pl\/wp-json\/wp\/v2\/pages\/15686"}],"collection":[{"href":"https:\/\/totuart.com\/pl\/wp-json\/wp\/v2\/pages"}],"about":[{"href":"https:\/\/totuart.com\/pl\/wp-json\/wp\/v2\/types\/page"}],"author":[{"embeddable":true,"href":"https:\/\/totuart.com\/pl\/wp-json\/wp\/v2\/users\/7"}],"replies":[{"embeddable":true,"href":"https:\/\/totuart.com\/pl\/wp-json\/wp\/v2\/comments?post=15686"}],"version-history":[{"count":12,"href":"https:\/\/totuart.com\/pl\/wp-json\/wp\/v2\/pages\/15686\/revisions"}],"predecessor-version":[{"id":16293,"href":"https:\/\/totuart.com\/pl\/wp-json\/wp\/v2\/pages\/15686\/revisions\/16293"}],"wp:attachment":[{"href":"https:\/\/totuart.com\/pl\/wp-json\/wp\/v2\/media?parent=15686"}],"curies":[{"name":"wp","href":"https:\/\/api.w.org\/{rel}","templated":true}]}}