{"id":13632,"date":"2023-03-21T03:22:21","date_gmt":"2023-03-21T03:22:21","guid":{"rendered":"https:\/\/totuart.com\/?page_id=13632.html"},"modified":"2023-03-21T07:32:13","modified_gmt":"2023-03-21T07:32:13","slug":"rejestracja-do-aukcji","status":"publish","type":"page","link":"https:\/\/totuart.com\/pl\/rejestracja-do-aukcji.html","title":{"rendered":"Rejestracja do aukcji"},"content":{"rendered":"<div role=\"form\" class=\"wpcf7\" id=\"wpcf7-f13655-o1\" lang=\"pl-PL\" dir=\"ltr\">\n<div class=\"screen-reader-response\"><p role=\"status\" aria-live=\"polite\" aria-atomic=\"true\"><\/p> <ul><\/ul><\/div>\n<form action=\"\/wp-json\/wp\/v2\/pages\/13632#wpcf7-f13655-o1\" method=\"post\" class=\"wpcf7-form init\" novalidate=\"novalidate\" data-status=\"init\">\n<div style=\"display: none;\">\n<input type=\"hidden\" name=\"_wpcf7\" value=\"13655\" \/>\n<input type=\"hidden\" name=\"_wpcf7_version\" value=\"5.5.6.1\" \/>\n<input type=\"hidden\" name=\"_wpcf7_locale\" value=\"pl_PL\" \/>\n<input type=\"hidden\" name=\"_wpcf7_unit_tag\" value=\"wpcf7-f13655-o1\" \/>\n<input type=\"hidden\" name=\"_wpcf7_container_post\" value=\"0\" \/>\n<input type=\"hidden\" name=\"_wpcf7_posted_data_hash\" value=\"\" \/>\n<input type=\"hidden\" name=\"_wpcf7_recaptcha_response\" value=\"\" \/>\n<\/div>\n<div class=\"contact-form\">\n<div class=\"mb-3\">\n<div class=\"row\">\n<div class=\"col-lg-12\">\n<div class=\"mb-3\">\n<span class=\"wpcf7-form-control-wrap text-684\"><input type=\"text\" name=\"text-684\" value=\"\" size=\"40\" class=\"wpcf7-form-control wpcf7-text wpcf7-validates-as-required\" aria-required=\"true\" aria-invalid=\"false\" placeholder=\"* Imi\u0119\" \/><\/span><\/p>\n<\/div>\n<\/div>\n<div class=\"col-lg-12\">\n<div class=\"mb-3\">\n                                       <span class=\"wpcf7-form-control-wrap text-359\"><input type=\"text\" name=\"text-359\" value=\"\" size=\"40\" class=\"wpcf7-form-control wpcf7-text wpcf7-validates-as-required\" aria-required=\"true\" aria-invalid=\"false\" placeholder=\"* Nazwisko\" \/><\/span>\n\t\t\t\t     <\/div>\n<\/div>\n<\/div>\n<\/div>\n<div class=\"col-lg-12\">\n<div class=\"mb-3\">\n<span class=\"wpcf7-form-control-wrap text-866\"><input type=\"text\" name=\"text-866\" value=\"\" size=\"40\" class=\"wpcf7-form-control wpcf7-text wpcf7-validates-as-required\" aria-required=\"true\" aria-invalid=\"false\" placeholder=\"* Telefon\" \/><\/span><\/p>\n<\/div>\n<\/div>\n<div class=\"col-lg-12\">\n<div class=\"mb-3 input-email\">\n                                      <span class=\"wpcf7-form-control-wrap email-509\"><input type=\"email\" name=\"email-509\" value=\"\" size=\"40\" class=\"wpcf7-form-control wpcf7-text wpcf7-email wpcf7-validates-as-required wpcf7-validates-as-email\" aria-required=\"true\" aria-invalid=\"false\" placeholder=\"* E-mail\" \/><\/span>\n\t\t\t\t     <\/div>\n<\/div>\n<div class=\"mb-3\">\n\t\t\t\t\t<span class=\"wpcf7-form-control-wrap acceptance-998\"><span class=\"wpcf7-form-control wpcf7-acceptance\"><span class=\"wpcf7-list-item\"><label><input type=\"checkbox\" name=\"acceptance-998\" value=\"1\" aria-invalid=\"false\" \/><span class=\"wpcf7-list-item-label\">Wyra\u017cam zgod\u0119 na przetwarzanie podanych przeze mnie danych osobowych w celu otrzymania odpowiedzi na przes\u0142ane zg\u0142oszenie.<\/span><\/label><\/span><\/span><\/span>\n\t\t\t\t<\/div>\n<div class=\"mb-3\">\n                                            <input type=\"submit\" value=\"Wy\u015blij\">.\n\t\t\t\t<\/div>\n<\/div>\n<p style=\"display: none !important;\" class=\"akismet-fields-container\" data-prefix=\"_wpcf7_ak_\"><label>&#916;<textarea name=\"_wpcf7_ak_hp_textarea\" cols=\"45\" rows=\"8\" maxlength=\"100\"><\/textarea><\/label><input type=\"hidden\" id=\"ak_js_1\" name=\"_wpcf7_ak_js\" value=\"48\"\/><script>document.getElementById( \"ak_js_1\" ).setAttribute( \"value\", ( new Date() ).getTime() );<\/script><\/p><div class=\"wpcf7-response-output\" aria-hidden=\"true\"><\/div><\/form><\/div>\n","protected":false},"excerpt":{"rendered":"","protected":false},"author":7,"featured_media":0,"parent":0,"menu_order":0,"comment_status":"closed","ping_status":"closed","template":"","meta":[],"yoast_head":"<!-- This site is optimized with the Yoast SEO plugin v19.4 - https:\/\/yoast.com\/wordpress\/plugins\/seo\/ -->\n<title>Rejestracja do aukcji - ToTuart<\/title>\n<meta name=\"robots\" content=\"index, follow, max-snippet:-1, max-image-preview:large, max-video-preview:-1\" \/>\n<link rel=\"canonical\" href=\"https:\/\/totuart.com\/pl\/rejestracja-do-aukcji.html\" \/>\n<meta name=\"twitter:label1\" content=\"Szacowany czas czytania\" \/>\n\t<meta name=\"twitter:data1\" content=\"1 minuta\" \/>\n<script type=\"application\/ld+json\" class=\"yoast-schema-graph\">{\"@context\":\"https:\/\/schema.org\",\"@graph\":[{\"@type\":\"Organization\",\"@id\":\"https:\/\/totuart.com\/pl\/#organization\",\"name\":\"ToTuart\",\"url\":\"https:\/\/totuart.com\/pl\/\",\"sameAs\":[\"https:\/\/www.instagram.com\/totuart\/\",\"https:\/\/pl.pinterest.com\/totuart_warsaw\/\",\"https:\/\/www.facebook.com\/ToTuart.gallery\/\"],\"logo\":{\"@type\":\"ImageObject\",\"inLanguage\":\"pl-PL\",\"@id\":\"https:\/\/totuart.com\/pl\/#\/schema\/logo\/image\/\",\"url\":\"https:\/\/totuart.com\/wp-content\/uploads\/2021\/11\/logo-dark.png\",\"contentUrl\":\"https:\/\/totuart.com\/wp-content\/uploads\/2021\/11\/logo-dark.png\",\"width\":249,\"height\":60,\"caption\":\"ToTuart\"},\"image\":{\"@id\":\"https:\/\/totuart.com\/pl\/#\/schema\/logo\/image\/\"}},{\"@type\":\"WebSite\",\"@id\":\"https:\/\/totuart.com\/pl\/#website\",\"url\":\"https:\/\/totuart.com\/pl\/\",\"name\":\"ToTuart\",\"description\":\"Galeria Sztuki ToTuart - dzie\u0142a sztuki, malarstwo\",\"publisher\":{\"@id\":\"https:\/\/totuart.com\/pl\/#organization\"},\"potentialAction\":[{\"@type\":\"SearchAction\",\"target\":{\"@type\":\"EntryPoint\",\"urlTemplate\":\"https:\/\/totuart.com\/pl\/?s={search_term_string}\"},\"query-input\":\"required name=search_term_string\"}],\"inLanguage\":\"pl-PL\"},{\"@type\":\"WebPage\",\"@id\":\"https:\/\/totuart.com\/pl\/rejestracja-do-aukcji.html\",\"url\":\"https:\/\/totuart.com\/pl\/rejestracja-do-aukcji.html\",\"name\":\"Rejestracja do aukcji - ToTuart\",\"isPartOf\":{\"@id\":\"https:\/\/totuart.com\/pl\/#website\"},\"datePublished\":\"2023-03-21T03:22:21+00:00\",\"dateModified\":\"2023-03-21T07:32:13+00:00\",\"breadcrumb\":{\"@id\":\"https:\/\/totuart.com\/pl\/rejestracja-do-aukcji.html#breadcrumb\"},\"inLanguage\":\"pl-PL\",\"potentialAction\":[{\"@type\":\"ReadAction\",\"target\":[\"https:\/\/totuart.com\/pl\/rejestracja-do-aukcji.html\"]}]},{\"@type\":\"BreadcrumbList\",\"@id\":\"https:\/\/totuart.com\/pl\/rejestracja-do-aukcji.html#breadcrumb\",\"itemListElement\":[{\"@type\":\"ListItem\",\"position\":1,\"name\":\"Strona g\u0142\u00f3wna\",\"item\":\"https:\/\/totuart.com\/pl\/pl.html\"},{\"@type\":\"ListItem\",\"position\":2,\"name\":\"Rejestracja do aukcji\"}]}]}<\/script>\n<!-- \/ Yoast SEO plugin. -->","yoast_head_json":{"title":"Rejestracja do aukcji - ToTuart","robots":{"index":"index","follow":"follow","max-snippet":"max-snippet:-1","max-image-preview":"max-image-preview:large","max-video-preview":"max-video-preview:-1"},"canonical":"https:\/\/totuart.com\/pl\/rejestracja-do-aukcji.html","twitter_misc":{"Szacowany czas czytania":"1 minuta"},"schema":{"@context":"https:\/\/schema.org","@graph":[{"@type":"Organization","@id":"https:\/\/totuart.com\/pl\/#organization","name":"ToTuart","url":"https:\/\/totuart.com\/pl\/","sameAs":["https:\/\/www.instagram.com\/totuart\/","https:\/\/pl.pinterest.com\/totuart_warsaw\/","https:\/\/www.facebook.com\/ToTuart.gallery\/"],"logo":{"@type":"ImageObject","inLanguage":"pl-PL","@id":"https:\/\/totuart.com\/pl\/#\/schema\/logo\/image\/","url":"https:\/\/totuart.com\/wp-content\/uploads\/2021\/11\/logo-dark.png","contentUrl":"https:\/\/totuart.com\/wp-content\/uploads\/2021\/11\/logo-dark.png","width":249,"height":60,"caption":"ToTuart"},"image":{"@id":"https:\/\/totuart.com\/pl\/#\/schema\/logo\/image\/"}},{"@type":"WebSite","@id":"https:\/\/totuart.com\/pl\/#website","url":"https:\/\/totuart.com\/pl\/","name":"ToTuart","description":"Galeria Sztuki ToTuart - dzie\u0142a sztuki, malarstwo","publisher":{"@id":"https:\/\/totuart.com\/pl\/#organization"},"potentialAction":[{"@type":"SearchAction","target":{"@type":"EntryPoint","urlTemplate":"https:\/\/totuart.com\/pl\/?s={search_term_string}"},"query-input":"required name=search_term_string"}],"inLanguage":"pl-PL"},{"@type":"WebPage","@id":"https:\/\/totuart.com\/pl\/rejestracja-do-aukcji.html","url":"https:\/\/totuart.com\/pl\/rejestracja-do-aukcji.html","name":"Rejestracja do aukcji - ToTuart","isPartOf":{"@id":"https:\/\/totuart.com\/pl\/#website"},"datePublished":"2023-03-21T03:22:21+00:00","dateModified":"2023-03-21T07:32:13+00:00","breadcrumb":{"@id":"https:\/\/totuart.com\/pl\/rejestracja-do-aukcji.html#breadcrumb"},"inLanguage":"pl-PL","potentialAction":[{"@type":"ReadAction","target":["https:\/\/totuart.com\/pl\/rejestracja-do-aukcji.html"]}]},{"@type":"BreadcrumbList","@id":"https:\/\/totuart.com\/pl\/rejestracja-do-aukcji.html#breadcrumb","itemListElement":[{"@type":"ListItem","position":1,"name":"Strona g\u0142\u00f3wna","item":"https:\/\/totuart.com\/pl\/pl.html"},{"@type":"ListItem","position":2,"name":"Rejestracja do aukcji"}]}]}},"_links":{"self":[{"href":"https:\/\/totuart.com\/pl\/wp-json\/wp\/v2\/pages\/13632"}],"collection":[{"href":"https:\/\/totuart.com\/pl\/wp-json\/wp\/v2\/pages"}],"about":[{"href":"https:\/\/totuart.com\/pl\/wp-json\/wp\/v2\/types\/page"}],"author":[{"embeddable":true,"href":"https:\/\/totuart.com\/pl\/wp-json\/wp\/v2\/users\/7"}],"replies":[{"embeddable":true,"href":"https:\/\/totuart.com\/pl\/wp-json\/wp\/v2\/comments?post=13632"}],"version-history":[{"count":5,"href":"https:\/\/totuart.com\/pl\/wp-json\/wp\/v2\/pages\/13632\/revisions"}],"predecessor-version":[{"id":13656,"href":"https:\/\/totuart.com\/pl\/wp-json\/wp\/v2\/pages\/13632\/revisions\/13656"}],"wp:attachment":[{"href":"https:\/\/totuart.com\/pl\/wp-json\/wp\/v2\/media?parent=13632"}],"curies":[{"name":"wp","href":"https:\/\/api.w.org\/{rel}","templated":true}]}}