{"id":11933,"date":"2022-05-11T05:37:11","date_gmt":"2022-05-11T05:37:11","guid":{"rendered":"https:\/\/totuart.com\/?page_id=11933.html"},"modified":"2025-01-16T16:18:41","modified_gmt":"2025-01-16T16:18:41","slug":"jak-kupowac","status":"publish","type":"page","link":"https:\/\/totuart.com\/pl\/jak-kupowac.html","title":{"rendered":"JAK KUPOWA\u0106?"},"content":{"rendered":"<div class=\"block_qz5AinEiv9 ng-star-inserted\" data-b-id=\"block_qz5AinEiv9\" data-c-id=\"block_qz5AinEiv9\">\n<div class=\"ng-tns-c247-16 ng-star-inserted\">\n<p class=\"paragraph ng-tns-c247-16 ng-star-inserted\">Udzia\u0142 w licytacjach prowadzonych przez Dom Aukcyjny ToTuart jest bezp\u0142atny i mo\u017ce go wzi\u0105\u0107 ka\u017cda zarejestrowana osoba:<br \/>\na) osobi\u015bcie<br \/>\nb) online<br \/>\nc) na zlecenie telefonicznie<br \/>\nd) na zlecenie z okre\u015blonym limitem<br \/>\nWarunkiem udzia\u0142u w Aukcji jest zaakceptowanie przez Licytuj\u0105cego tre\u015bci zawartych w Regulaminie w ca\u0142o\u015bci i bez jakichkolwiek zastrze\u017ce\u0144.<\/p>\n<p>1. Licytacja osobista \u2013 w siedzibie Domu Aukcyjnego (Plac Konesera 10A, 03-736 Warszawa) lub w innym miejscu wskazanym przez Dom Aukcyjny dla konkretnej Aukcji, po wcze\u015bniejszym wype\u0142nieniu formularzu rejestracyjnego. Mo\u017cna tego dokona\u0107 telefonicznie, mailowo lub osobi\u015bcie. W tym celu niezb\u0119dne b\u0119dzie przygotowanie dokumentu potwierdzaj\u0105cego to\u017csamo\u015b\u0107 (dow\u00f3d osobisty lub paszport), adresu e-mail, numeru telefonu,<br \/>\noraz adresu do rozlicze\u0144 i korespondencji. Nast\u0119pnie odebra\u0107 lizak z numerem licytacyjnym.<br \/>\n2. Licytacja online \u2013 za po\u015brednictwem platformy licytacyjnej Domu Aukcyjnego (live.totuart.com) lub platformy onebid.pl. Nale\u017cy w\u00f3wczas zarejestrowa\u0107 si\u0119 za pomoc\u0105 strony totuart.com, podaj\u0105c swoje imi\u0119 i nazwisko, adres e-mail, numer telefonu. Rejestracja na onebid.pl zgodna z regulaminem portalu onebid. Po pozytywnej weryfikacji przez<br \/>\npracownika Domu Aukcyjnego Licytuj\u0105cy mo\u017ce uczestniczy\u0107 za po\u015brednictwem Internetu na bie\u017c\u0105co w licytacji Obiekt\u00f3w aukcyjnych na tych samych zasadach jak podczas licytacji osobistej.<br \/>\n3. Licytacja telefoniczna \u2013 po wcze\u015bniejszym powiadomieniu Personelu Domu Aukcyjnego za po\u015brednictwem telefonu lub pisemnie, na adres e-mail: biuro@totuart.com. W\u00f3wczas nale\u017cy wype\u0142ni\u0107 formularz zlecenia telefonicznego zawieraj\u0105cy numer aukcji i licytowanego Obiektu oraz poda\u0107 min. dwa numery telefonu, na kt\u00f3re b\u0119d\u0105 dzwoni\u0107 pracownicy Domu<br \/>\nAukcyjnego w trakcie trwania Aukcji.<br \/>\n4. Licytacja na zlecenie klienta z okre\u015blonym limitem \u2013 po wcze\u015bniejszym powiadomieniu Personelu Domu Aukcyjnego za po\u015brednictwem telefonu lub pisemnie. W\u00f3wczas nale\u017cy wype\u0142ni\u0107 formularz rejestracyjny oraz odpowiedni formularz zlecenia z limitem, zawieraj\u0105cy nazw\u0119 aukcji i numer pozycji oraz maksymaln\u0105 kwot\u0119 limitow\u0105. Kwota limitowa nie zawiera<br \/>\ndodatkowych op\u0142at z tytu\u0142u droit de suite ani op\u0142aty aukcyjnej oraz powinna by\u0107 zgodna z tabel\u0105 post\u0105pie\u0144 i wyra\u017cona w polskiej walucie. Je\u017celi kwota limitowa nie jest zgodna z tabel\u0105 post\u0105pie\u0144, zostanie ona stosownie podwy\u017cszona. Formularz zlecenia z limitem uzna si\u0119 za niewa\u017cny, w przypadku, gdy nie zostanie wskazana maksymalna kwota limitowa. Zg\u0142oszenie licytacji z okre\u015blonymi limitem przyjmujemy maksymalnie na dzie\u0144 przed rozpocz\u0119ciem Aukcji.<\/p>\n<\/div>\n<\/div>\n<div class=\"block_nOzAgHsOKp ng-star-inserted\" data-b-id=\"block_nOzAgHsOKp\" data-c-id=\"block_nOzAgHsOKp\">\n<div class=\"ng-tns-c247-20 ng-star-inserted\">\n<p class=\"paragraph ng-tns-c247-20 ng-star-inserted\">P\u0142atno\u015b\u0107 za zakupiony na Aukcji Obiekt nale\u017cy uregulowa\u0107 w ci\u0105gu 10 dni roboczych od zako\u0144czenia licytacji. Mo\u017cna tego dokona\u0107 kart\u0105, got\u00f3wk\u0105 lub na nasz numer konta bankowego. Pami\u0119taj, \u017ce do ka\u017cdego wylicytowanego Obiektu dodajemy 20% z tytu\u0142u op\u0142aty aukcyjnej i ewentualne op\u0142aty z tytu\u0142u droit de suite, nie przekraczaj\u0105ce 5%.<\/p>\n<p>Op\u0142acone Obiekty mo\u017cna odebra\u0107 w siedzibie naszej Galerii w Warszawie:<br \/>\nPlac Konesera 10A (pasa\u017c konesera)<br \/>\n03-736 Warszawa<br \/>\nczynne pon.-sob. w godzinach: 11:00 &#8211; 19:00<br \/>\nniedz handlowa: 12:00 &#8211; 18:00.<\/p>\n<\/div>\n<\/div>\n","protected":false},"excerpt":{"rendered":"<p>Udzia\u0142 w licytacjach prowadzonych przez Dom Aukcyjny ToTuart jest bezp\u0142atny i mo\u017ce go wzi\u0105\u0107 ka\u017cda zarejestrowana osoba: a) osobi\u015bcie b) online c) na zlecenie telefonicznie d) na zlecenie z okre\u015blonym limitem Warunkiem udzia\u0142u w Aukcji jest zaakceptowanie przez Licytuj\u0105cego tre\u015bci zawartych w Regulaminie w ca\u0142o\u015bci i bez jakichkolwiek zastrze\u017ce\u0144. 1. Licytacja osobista \u2013 w siedzibie [&hellip;]<\/p>\n","protected":false},"author":1,"featured_media":0,"parent":0,"menu_order":0,"comment_status":"closed","ping_status":"closed","template":"","meta":[],"yoast_head":"<!-- This site is optimized with the Yoast SEO plugin v19.4 - https:\/\/yoast.com\/wordpress\/plugins\/seo\/ -->\n<title>JAK KUPOWA\u0106? - ToTuart<\/title>\n<meta name=\"robots\" content=\"index, follow, max-snippet:-1, max-image-preview:large, max-video-preview:-1\" \/>\n<link rel=\"canonical\" href=\"https:\/\/totuart.com\/pl\/jak-kupowac.html\" \/>\n<meta name=\"twitter:label1\" content=\"Szacowany czas czytania\" \/>\n\t<meta name=\"twitter:data1\" content=\"3 minuty\" \/>\n<script type=\"application\/ld+json\" class=\"yoast-schema-graph\">{\"@context\":\"https:\/\/schema.org\",\"@graph\":[{\"@type\":\"Organization\",\"@id\":\"https:\/\/totuart.com\/pl\/#organization\",\"name\":\"ToTuart\",\"url\":\"https:\/\/totuart.com\/pl\/\",\"sameAs\":[\"https:\/\/www.instagram.com\/totuart\/\",\"https:\/\/pl.pinterest.com\/totuart_warsaw\/\",\"https:\/\/www.facebook.com\/ToTuart.gallery\/\"],\"logo\":{\"@type\":\"ImageObject\",\"inLanguage\":\"pl-PL\",\"@id\":\"https:\/\/totuart.com\/pl\/#\/schema\/logo\/image\/\",\"url\":\"https:\/\/totuart.com\/wp-content\/uploads\/2021\/11\/logo-dark.png\",\"contentUrl\":\"https:\/\/totuart.com\/wp-content\/uploads\/2021\/11\/logo-dark.png\",\"width\":249,\"height\":60,\"caption\":\"ToTuart\"},\"image\":{\"@id\":\"https:\/\/totuart.com\/pl\/#\/schema\/logo\/image\/\"}},{\"@type\":\"WebSite\",\"@id\":\"https:\/\/totuart.com\/pl\/#website\",\"url\":\"https:\/\/totuart.com\/pl\/\",\"name\":\"ToTuart\",\"description\":\"Galeria Sztuki ToTuart - dzie\u0142a sztuki, malarstwo\",\"publisher\":{\"@id\":\"https:\/\/totuart.com\/pl\/#organization\"},\"potentialAction\":[{\"@type\":\"SearchAction\",\"target\":{\"@type\":\"EntryPoint\",\"urlTemplate\":\"https:\/\/totuart.com\/pl\/?s={search_term_string}\"},\"query-input\":\"required name=search_term_string\"}],\"inLanguage\":\"pl-PL\"},{\"@type\":\"WebPage\",\"@id\":\"https:\/\/totuart.com\/pl\/jak-kupowac.html\",\"url\":\"https:\/\/totuart.com\/pl\/jak-kupowac.html\",\"name\":\"JAK KUPOWA\u0106? - ToTuart\",\"isPartOf\":{\"@id\":\"https:\/\/totuart.com\/pl\/#website\"},\"datePublished\":\"2022-05-11T05:37:11+00:00\",\"dateModified\":\"2025-01-16T16:18:41+00:00\",\"breadcrumb\":{\"@id\":\"https:\/\/totuart.com\/pl\/jak-kupowac.html#breadcrumb\"},\"inLanguage\":\"pl-PL\",\"potentialAction\":[{\"@type\":\"ReadAction\",\"target\":[\"https:\/\/totuart.com\/pl\/jak-kupowac.html\"]}]},{\"@type\":\"BreadcrumbList\",\"@id\":\"https:\/\/totuart.com\/pl\/jak-kupowac.html#breadcrumb\",\"itemListElement\":[{\"@type\":\"ListItem\",\"position\":1,\"name\":\"Strona g\u0142\u00f3wna\",\"item\":\"https:\/\/totuart.com\/pl\/pl.html\"},{\"@type\":\"ListItem\",\"position\":2,\"name\":\"JAK KUPOWA\u0106?\"}]}]}<\/script>\n<!-- \/ Yoast SEO plugin. -->","yoast_head_json":{"title":"JAK KUPOWA\u0106? - ToTuart","robots":{"index":"index","follow":"follow","max-snippet":"max-snippet:-1","max-image-preview":"max-image-preview:large","max-video-preview":"max-video-preview:-1"},"canonical":"https:\/\/totuart.com\/pl\/jak-kupowac.html","twitter_misc":{"Szacowany czas czytania":"3 minuty"},"schema":{"@context":"https:\/\/schema.org","@graph":[{"@type":"Organization","@id":"https:\/\/totuart.com\/pl\/#organization","name":"ToTuart","url":"https:\/\/totuart.com\/pl\/","sameAs":["https:\/\/www.instagram.com\/totuart\/","https:\/\/pl.pinterest.com\/totuart_warsaw\/","https:\/\/www.facebook.com\/ToTuart.gallery\/"],"logo":{"@type":"ImageObject","inLanguage":"pl-PL","@id":"https:\/\/totuart.com\/pl\/#\/schema\/logo\/image\/","url":"https:\/\/totuart.com\/wp-content\/uploads\/2021\/11\/logo-dark.png","contentUrl":"https:\/\/totuart.com\/wp-content\/uploads\/2021\/11\/logo-dark.png","width":249,"height":60,"caption":"ToTuart"},"image":{"@id":"https:\/\/totuart.com\/pl\/#\/schema\/logo\/image\/"}},{"@type":"WebSite","@id":"https:\/\/totuart.com\/pl\/#website","url":"https:\/\/totuart.com\/pl\/","name":"ToTuart","description":"Galeria Sztuki ToTuart - dzie\u0142a sztuki, malarstwo","publisher":{"@id":"https:\/\/totuart.com\/pl\/#organization"},"potentialAction":[{"@type":"SearchAction","target":{"@type":"EntryPoint","urlTemplate":"https:\/\/totuart.com\/pl\/?s={search_term_string}"},"query-input":"required name=search_term_string"}],"inLanguage":"pl-PL"},{"@type":"WebPage","@id":"https:\/\/totuart.com\/pl\/jak-kupowac.html","url":"https:\/\/totuart.com\/pl\/jak-kupowac.html","name":"JAK KUPOWA\u0106? - ToTuart","isPartOf":{"@id":"https:\/\/totuart.com\/pl\/#website"},"datePublished":"2022-05-11T05:37:11+00:00","dateModified":"2025-01-16T16:18:41+00:00","breadcrumb":{"@id":"https:\/\/totuart.com\/pl\/jak-kupowac.html#breadcrumb"},"inLanguage":"pl-PL","potentialAction":[{"@type":"ReadAction","target":["https:\/\/totuart.com\/pl\/jak-kupowac.html"]}]},{"@type":"BreadcrumbList","@id":"https:\/\/totuart.com\/pl\/jak-kupowac.html#breadcrumb","itemListElement":[{"@type":"ListItem","position":1,"name":"Strona g\u0142\u00f3wna","item":"https:\/\/totuart.com\/pl\/pl.html"},{"@type":"ListItem","position":2,"name":"JAK KUPOWA\u0106?"}]}]}},"_links":{"self":[{"href":"https:\/\/totuart.com\/pl\/wp-json\/wp\/v2\/pages\/11933"}],"collection":[{"href":"https:\/\/totuart.com\/pl\/wp-json\/wp\/v2\/pages"}],"about":[{"href":"https:\/\/totuart.com\/pl\/wp-json\/wp\/v2\/types\/page"}],"author":[{"embeddable":true,"href":"https:\/\/totuart.com\/pl\/wp-json\/wp\/v2\/users\/1"}],"replies":[{"embeddable":true,"href":"https:\/\/totuart.com\/pl\/wp-json\/wp\/v2\/comments?post=11933"}],"version-history":[{"count":4,"href":"https:\/\/totuart.com\/pl\/wp-json\/wp\/v2\/pages\/11933\/revisions"}],"predecessor-version":[{"id":17254,"href":"https:\/\/totuart.com\/pl\/wp-json\/wp\/v2\/pages\/11933\/revisions\/17254"}],"wp:attachment":[{"href":"https:\/\/totuart.com\/pl\/wp-json\/wp\/v2\/media?parent=11933"}],"curies":[{"name":"wp","href":"https:\/\/api.w.org\/{rel}","templated":true}]}}