{"id":11931,"date":"2022-05-11T05:36:15","date_gmt":"2022-05-11T05:36:15","guid":{"rendered":"https:\/\/totuart.com\/?page_id=11931.html"},"modified":"2025-01-16T16:11:23","modified_gmt":"2025-01-16T16:11:23","slug":"jak-sprzedawac","status":"publish","type":"page","link":"https:\/\/totuart.com\/pl\/jak-sprzedawac.html","title":{"rendered":"JAK SPRZEDAWA\u0106?"},"content":{"rendered":"<div class=\"block_Hk6BI7G5xa ng-star-inserted\" data-b-id=\"block_Hk6BI7G5xa\" data-c-id=\"block_Hk6BI7G5xa\">\n<div class=\"ng-tns-c247-16 ng-star-inserted\">\n<p class=\"paragraph ng-tns-c247-16 ng-star-inserted\">Sprzedaj z nami swoje Dzie\u0142o Sztuki!<\/p>\n<\/div>\n<\/div>\n<div class=\"block_CHGp5lJc6r ng-star-inserted\" data-b-id=\"block_CHGp5lJc6r\" data-c-id=\"block_CHGp5lJc6r\">\n<div class=\"ng-tns-c247-17 ng-star-inserted\">\n<p class=\"paragraph ng-tns-c247-17 ng-star-inserted\">Je\u017celi masz na sprzeda\u017c obrazy, rze\u017aby lub inne przedmioty kolekcjonerskie i chcia\u0142by\u015b, aby zosta\u0142y one sprzedane na aukcjach w ToTuart wy\u015blij zg\u0142oszenie na nasz adres e-mail: biuro@totuart.com lub zadzwo\u0144 pod numer +48 605 909 547. Ka\u017cde zg\u0142oszenie musi zawiera\u0107 imi\u0119 i nazwisko autora, tytu\u0142 pracy (je\u015bli taki posiada), wymiary, technik\u0119 wykonania oraz informacje o pochodzeniu. Podaj r\u00f3wnie\u017c swoje dane kontaktowe. Nasi pracownicy odpowiedz\u0105 na ka\u017cde zg\u0142oszenie najszybciej, jak to mo\u017cliwe.<\/p>\n<\/div>\n<\/div>\n<div class=\"block_F6rnNuyHZM ng-star-inserted\" data-b-id=\"block_F6rnNuyHZM\" data-c-id=\"block_F6rnNuyHZM\">\n<div class=\"ng-tns-c247-18 ng-star-inserted\">\n<p class=\"paragraph ng-tns-c247-18 ng-star-inserted\">Obiekt, kt\u00f3rych chcesz sprzeda\u0107 mo\u017cesz r\u00f3wnie\u017c przynie\u015b\u0107 osobi\u015bcie do siedziby Domu Aukcyjnego ToTuart (Plac Konesera 10A, 03-736 Warszawa).<\/p>\n<\/div>\n<\/div>\n<div class=\"block_BC6YzP5EHq ng-star-inserted\" data-b-id=\"block_BC6YzP5EHq\" data-c-id=\"block_BC6YzP5EHq\">\n<div class=\"ng-tns-c247-19 ng-star-inserted\">\n<p class=\"paragraph ng-tns-c247-19 ng-star-inserted\">Obiekty zakwalifikowane przez nas, b\u0119d\u0105 wystawione do sprzeda\u017cy na podstawie umowy komisowej, okre\u015blaj\u0105cej warunki przyj\u0119cia pracy i wynagrodzenia.<\/p>\n<\/div>\n<\/div>\n<div class=\"block_EPDIW0tliL ng-star-inserted\" data-b-id=\"block_EPDIW0tliL\" data-c-id=\"block_EPDIW0tliL\">\n<div class=\"ng-tns-c247-20 ng-star-inserted\">\n<p class=\"paragraph ng-tns-c247-20 ng-star-inserted\">Dzie\u0142a sztuki zostan\u0105 wystawione na sprzeda\u017c w galerii, na aukcji lub przedstawione bezpo\u015brednio naszym Klientom.<\/p>\n<\/div>\n<\/div>\n","protected":false},"excerpt":{"rendered":"<p>Sprzedaj z nami swoje Dzie\u0142o Sztuki! Je\u017celi masz na sprzeda\u017c obrazy, rze\u017aby lub inne przedmioty kolekcjonerskie i chcia\u0142by\u015b, aby zosta\u0142y one sprzedane na aukcjach w ToTuart wy\u015blij zg\u0142oszenie na nasz adres e-mail: biuro@totuart.com lub zadzwo\u0144 pod numer +48 605 909 547. Ka\u017cde zg\u0142oszenie musi zawiera\u0107 imi\u0119 i nazwisko autora, tytu\u0142 pracy (je\u015bli taki posiada), wymiary, [&hellip;]<\/p>\n","protected":false},"author":1,"featured_media":0,"parent":0,"menu_order":0,"comment_status":"closed","ping_status":"closed","template":"","meta":[],"yoast_head":"<!-- This site is optimized with the Yoast SEO plugin v19.4 - https:\/\/yoast.com\/wordpress\/plugins\/seo\/ -->\n<title>JAK SPRZEDAWA\u0106? - ToTuart<\/title>\n<meta name=\"robots\" content=\"index, follow, max-snippet:-1, max-image-preview:large, max-video-preview:-1\" \/>\n<link rel=\"canonical\" href=\"https:\/\/totuart.com\/pl\/jak-sprzedawac.html\" \/>\n<meta name=\"twitter:label1\" content=\"Szacowany czas czytania\" \/>\n\t<meta name=\"twitter:data1\" content=\"1 minuta\" \/>\n<script type=\"application\/ld+json\" class=\"yoast-schema-graph\">{\"@context\":\"https:\/\/schema.org\",\"@graph\":[{\"@type\":\"Organization\",\"@id\":\"https:\/\/totuart.com\/pl\/#organization\",\"name\":\"ToTuart\",\"url\":\"https:\/\/totuart.com\/pl\/\",\"sameAs\":[\"https:\/\/www.instagram.com\/totuart\/\",\"https:\/\/pl.pinterest.com\/totuart_warsaw\/\",\"https:\/\/www.facebook.com\/ToTuart.gallery\/\"],\"logo\":{\"@type\":\"ImageObject\",\"inLanguage\":\"pl-PL\",\"@id\":\"https:\/\/totuart.com\/pl\/#\/schema\/logo\/image\/\",\"url\":\"https:\/\/totuart.com\/wp-content\/uploads\/2021\/11\/logo-dark.png\",\"contentUrl\":\"https:\/\/totuart.com\/wp-content\/uploads\/2021\/11\/logo-dark.png\",\"width\":249,\"height\":60,\"caption\":\"ToTuart\"},\"image\":{\"@id\":\"https:\/\/totuart.com\/pl\/#\/schema\/logo\/image\/\"}},{\"@type\":\"WebSite\",\"@id\":\"https:\/\/totuart.com\/pl\/#website\",\"url\":\"https:\/\/totuart.com\/pl\/\",\"name\":\"ToTuart\",\"description\":\"Galeria Sztuki ToTuart - dzie\u0142a sztuki, malarstwo\",\"publisher\":{\"@id\":\"https:\/\/totuart.com\/pl\/#organization\"},\"potentialAction\":[{\"@type\":\"SearchAction\",\"target\":{\"@type\":\"EntryPoint\",\"urlTemplate\":\"https:\/\/totuart.com\/pl\/?s={search_term_string}\"},\"query-input\":\"required name=search_term_string\"}],\"inLanguage\":\"pl-PL\"},{\"@type\":\"WebPage\",\"@id\":\"https:\/\/totuart.com\/pl\/jak-sprzedawac.html\",\"url\":\"https:\/\/totuart.com\/pl\/jak-sprzedawac.html\",\"name\":\"JAK SPRZEDAWA\u0106? - ToTuart\",\"isPartOf\":{\"@id\":\"https:\/\/totuart.com\/pl\/#website\"},\"datePublished\":\"2022-05-11T05:36:15+00:00\",\"dateModified\":\"2025-01-16T16:11:23+00:00\",\"breadcrumb\":{\"@id\":\"https:\/\/totuart.com\/pl\/jak-sprzedawac.html#breadcrumb\"},\"inLanguage\":\"pl-PL\",\"potentialAction\":[{\"@type\":\"ReadAction\",\"target\":[\"https:\/\/totuart.com\/pl\/jak-sprzedawac.html\"]}]},{\"@type\":\"BreadcrumbList\",\"@id\":\"https:\/\/totuart.com\/pl\/jak-sprzedawac.html#breadcrumb\",\"itemListElement\":[{\"@type\":\"ListItem\",\"position\":1,\"name\":\"Strona g\u0142\u00f3wna\",\"item\":\"https:\/\/totuart.com\/pl\/pl.html\"},{\"@type\":\"ListItem\",\"position\":2,\"name\":\"JAK SPRZEDAWA\u0106?\"}]}]}<\/script>\n<!-- \/ Yoast SEO plugin. -->","yoast_head_json":{"title":"JAK SPRZEDAWA\u0106? - ToTuart","robots":{"index":"index","follow":"follow","max-snippet":"max-snippet:-1","max-image-preview":"max-image-preview:large","max-video-preview":"max-video-preview:-1"},"canonical":"https:\/\/totuart.com\/pl\/jak-sprzedawac.html","twitter_misc":{"Szacowany czas czytania":"1 minuta"},"schema":{"@context":"https:\/\/schema.org","@graph":[{"@type":"Organization","@id":"https:\/\/totuart.com\/pl\/#organization","name":"ToTuart","url":"https:\/\/totuart.com\/pl\/","sameAs":["https:\/\/www.instagram.com\/totuart\/","https:\/\/pl.pinterest.com\/totuart_warsaw\/","https:\/\/www.facebook.com\/ToTuart.gallery\/"],"logo":{"@type":"ImageObject","inLanguage":"pl-PL","@id":"https:\/\/totuart.com\/pl\/#\/schema\/logo\/image\/","url":"https:\/\/totuart.com\/wp-content\/uploads\/2021\/11\/logo-dark.png","contentUrl":"https:\/\/totuart.com\/wp-content\/uploads\/2021\/11\/logo-dark.png","width":249,"height":60,"caption":"ToTuart"},"image":{"@id":"https:\/\/totuart.com\/pl\/#\/schema\/logo\/image\/"}},{"@type":"WebSite","@id":"https:\/\/totuart.com\/pl\/#website","url":"https:\/\/totuart.com\/pl\/","name":"ToTuart","description":"Galeria Sztuki ToTuart - dzie\u0142a sztuki, malarstwo","publisher":{"@id":"https:\/\/totuart.com\/pl\/#organization"},"potentialAction":[{"@type":"SearchAction","target":{"@type":"EntryPoint","urlTemplate":"https:\/\/totuart.com\/pl\/?s={search_term_string}"},"query-input":"required name=search_term_string"}],"inLanguage":"pl-PL"},{"@type":"WebPage","@id":"https:\/\/totuart.com\/pl\/jak-sprzedawac.html","url":"https:\/\/totuart.com\/pl\/jak-sprzedawac.html","name":"JAK SPRZEDAWA\u0106? - ToTuart","isPartOf":{"@id":"https:\/\/totuart.com\/pl\/#website"},"datePublished":"2022-05-11T05:36:15+00:00","dateModified":"2025-01-16T16:11:23+00:00","breadcrumb":{"@id":"https:\/\/totuart.com\/pl\/jak-sprzedawac.html#breadcrumb"},"inLanguage":"pl-PL","potentialAction":[{"@type":"ReadAction","target":["https:\/\/totuart.com\/pl\/jak-sprzedawac.html"]}]},{"@type":"BreadcrumbList","@id":"https:\/\/totuart.com\/pl\/jak-sprzedawac.html#breadcrumb","itemListElement":[{"@type":"ListItem","position":1,"name":"Strona g\u0142\u00f3wna","item":"https:\/\/totuart.com\/pl\/pl.html"},{"@type":"ListItem","position":2,"name":"JAK SPRZEDAWA\u0106?"}]}]}},"_links":{"self":[{"href":"https:\/\/totuart.com\/pl\/wp-json\/wp\/v2\/pages\/11931"}],"collection":[{"href":"https:\/\/totuart.com\/pl\/wp-json\/wp\/v2\/pages"}],"about":[{"href":"https:\/\/totuart.com\/pl\/wp-json\/wp\/v2\/types\/page"}],"author":[{"embeddable":true,"href":"https:\/\/totuart.com\/pl\/wp-json\/wp\/v2\/users\/1"}],"replies":[{"embeddable":true,"href":"https:\/\/totuart.com\/pl\/wp-json\/wp\/v2\/comments?post=11931"}],"version-history":[{"count":3,"href":"https:\/\/totuart.com\/pl\/wp-json\/wp\/v2\/pages\/11931\/revisions"}],"predecessor-version":[{"id":17252,"href":"https:\/\/totuart.com\/pl\/wp-json\/wp\/v2\/pages\/11931\/revisions\/17252"}],"wp:attachment":[{"href":"https:\/\/totuart.com\/pl\/wp-json\/wp\/v2\/media?parent=11931"}],"curies":[{"name":"wp","href":"https:\/\/api.w.org\/{rel}","templated":true}]}}