{"id":11806,"date":"2022-05-09T07:11:07","date_gmt":"2022-05-09T07:11:07","guid":{"rendered":"https:\/\/totuart.com\/?page_id=11806.html"},"modified":"2025-09-24T15:47:46","modified_gmt":"2025-09-24T15:47:46","slug":"totu-dom-aukcyjny","status":"publish","type":"page","link":"https:\/\/totuart.com\/pl\/totu-dom-aukcyjny.html","title":{"rendered":"Aukcje"},"content":{"rendered":"\t\t<div data-elementor-type=\"wp-page\" data-elementor-id=\"11806\" class=\"elementor elementor-11806\">\n\t\t\t\t\t\t\t\t\t<section class=\"elementor-section elementor-top-section elementor-element elementor-element-f083538 elementor-section-boxed elementor-section-height-default elementor-section-height-default\" data-id=\"f083538\" data-element_type=\"section\">\n\t\t\t\t\t\t<div class=\"elementor-container elementor-column-gap-default\">\n\t\t\t\t\t<div class=\"elementor-column elementor-col-33 elementor-top-column elementor-element elementor-element-f5b12fd\" data-id=\"f5b12fd\" data-element_type=\"column\">\n\t\t\t<div class=\"elementor-widget-wrap elementor-element-populated\">\n\t\t\t\t\t\t\t\t<div class=\"elementor-element elementor-element-31c7e5c elementor-widget elementor-widget-custom-button\" data-id=\"31c7e5c\" data-element_type=\"widget\" data-widget_type=\"custom-button.default\">\n\t\t\t\t<div class=\"elementor-widget-container\">\n\t\t\t<a href=\"https:\/\/totuart.com\/wp-content\/uploads\/2025\/01\/Regulamin-Dom-Aukcyjny-ToTuart-2025.pdf\" class=\"custom-button\" data-scroll data-scroll-speed=\"\">\n Regulamin aukcji<\/a>\n\t\t<\/div>\n\t\t\t\t<\/div>\n\t\t\t\t\t<\/div>\n\t\t<\/div>\n\t\t\t\t<div class=\"elementor-column elementor-col-33 elementor-top-column elementor-element elementor-element-ffa8527\" data-id=\"ffa8527\" data-element_type=\"column\">\n\t\t\t<div class=\"elementor-widget-wrap elementor-element-populated\">\n\t\t\t\t\t\t\t\t<div class=\"elementor-element elementor-element-d468760 elementor-widget elementor-widget-custom-button\" data-id=\"d468760\" data-element_type=\"widget\" data-widget_type=\"custom-button.default\">\n\t\t\t\t<div class=\"elementor-widget-container\">\n\t\t\t<a href=\"https:\/\/totuart.com\/pl\/kontakt.html\" class=\"custom-button\" data-scroll data-scroll-speed=\"\">\n Zg\u0142o\u015b obiekt na aukcj\u0119<\/a>\n\t\t<\/div>\n\t\t\t\t<\/div>\n\t\t\t\t\t<\/div>\n\t\t<\/div>\n\t\t\t\t<div class=\"elementor-column elementor-col-33 elementor-top-column elementor-element elementor-element-7bdaa56\" data-id=\"7bdaa56\" data-element_type=\"column\">\n\t\t\t<div class=\"elementor-widget-wrap elementor-element-populated\">\n\t\t\t\t\t\t\t\t<div class=\"elementor-element elementor-element-9d5ae17 elementor-widget elementor-widget-custom-button\" data-id=\"9d5ae17\" data-element_type=\"widget\" data-widget_type=\"custom-button.default\">\n\t\t\t\t<div class=\"elementor-widget-container\">\n\t\t\t<a href=\"#archive-auctions\" class=\"custom-button\" data-scroll data-scroll-speed=\"\">\n Archiwum aukcji<\/a>\n\t\t<\/div>\n\t\t\t\t<\/div>\n\t\t\t\t\t<\/div>\n\t\t<\/div>\n\t\t\t\t\t\t\t<\/div>\n\t\t<\/section>\n\t\t\t\t<section class=\"elementor-section elementor-top-section elementor-element elementor-element-29ac2f8 elementor-section-boxed elementor-section-height-default elementor-section-height-default\" data-id=\"29ac2f8\" data-element_type=\"section\">\n\t\t\t\t\t\t<div class=\"elementor-container elementor-column-gap-default\">\n\t\t\t\t\t<div class=\"elementor-column elementor-col-100 elementor-top-column elementor-element elementor-element-6746759\" data-id=\"6746759\" data-element_type=\"column\">\n\t\t\t<div class=\"elementor-widget-wrap elementor-element-populated\">\n\t\t\t\t\t\t\t\t<div class=\"elementor-element elementor-element-939e35b elementor-widget elementor-widget-totuart-header-slider\" data-id=\"939e35b\" data-element_type=\"widget\" data-widget_type=\"totuart-header-slider.default\">\n\t\t\t\t<div class=\"elementor-widget-container\">\n\t\t\t          <style>\n              .elementor-edit-area .slider .swiper-slide\n              {\n                  pointer-events: none;\n              }\n          <\/style>\n<header class=\"slider\">\n  <div class=\"swiper-container slider-images\">\n    <div class=\"swiper-wrapper\">\n      \n      <div class=\"swiper-slide\">\n          <div class=\"desktop-slide is-mobile-slide\"> <img loading=\"lazy\" src=\"https:\/\/totuart.com\/wp-content\/uploads\/2025\/09\/baner-na-aukcje-1.png\" width=\"500\" height=\"200\" title=\"15. Aukcja Dzie\u0142 Sztuki\">  <\/div>\n        <div class=\"mobile-slide\" data-background=\"https:\/\/totuart.com\/wp-content\/uploads\/2025\/09\/baner-mobile.png\"  ><\/div>\n      <\/div>\n      \n      <div class=\"swiper-slide\">\n          <div class=\"desktop-slide is-mobile-slide\"> <img loading=\"lazy\" src=\"https:\/\/totuart.com\/wp-content\/uploads\/2023\/03\/zglos-na-aukcje-slider-na-strone-www.jpg\" width=\"500\" height=\"200\" title=\"Zg\u0142o\u015b obiekt na kolejn\u0105 aukcj\u0119\">  <\/div>\n        <div class=\"mobile-slide\" data-background=\"https:\/\/totuart.com\/wp-content\/uploads\/2023\/03\/zglos-na-aukcje-slajder-mobile-425x625-v2.jpg\"  ><\/div>\n      <\/div>\n          <\/div>\n    <!-- end swiper-wrapper -->\n    \n    <div class=\"container-fluid slider-nav\">\n      <div class=\"swiper-pagination\"><\/div>\n      <!-- end swiper-pagination -->\n      <div class=\"swiper-fraction\"><\/div>\n      <!-- end swiper-fraction -->\n      <div class=\"button-prev\"><i class=\"fa fa-chevron-down\"><\/i><\/div>\n      <!-- end swiper-button-prev -->\n      <div class=\"button-next\"><i class=\"fa fa-chevron-up\"><\/i><\/div>\n      <!-- end swiper-button-next --> \n    <\/div>\n    <!-- end slider-nav --> \n  <\/div>\n  <!-- end slider-images -->\n  <div class=\"swiper-container slider-texts\">\n    <svg width=\"580\" height=\"400\" class=\"svg-morph\">\n      <path id=\"svg_morph\" d=\"m261,30.4375c0,0 114,6 151,75c37,69 37,174 6,206.5625c-31,32.5625 -138,11.4375 -196,-19.5625c-58,-31 -86,-62 -90,-134.4375c12,-136.5625 92,-126.5625 129,-127.5625z\" \/>\n    <\/svg>\n    <div class=\"swiper-wrapper\">\n            <div class=\"swiper-slide\" onclick=\"location.href='https:\/\/onebid.pl\/pl\/auction\/-\/8819'\">\n        <div class=\"container-fluid\">\n\t  \t    \t\t<p class=\"h1\"><a href=\"https:\/\/onebid.pl\/pl\/auction\/-\/8819\">15. Aukcja Dzie\u0142 Sztuki<\/a><\/p>\n                                          <p>przejd\u017a do obiekt\u00f3w<\/p>\n                  <\/div>\n        <!-- end container --> \n      <\/div>\n      <!-- end swiper-slide -->\n            <div class=\"swiper-slide\" onclick=\"location.href='https:\/\/totuart.com\/pl\/kontakt.html'\">\n        <div class=\"container-fluid\">\n\t  \t    \t\t<p class=\"h1\"><a href=\"https:\/\/totuart.com\/pl\/kontakt.html\">Zg\u0142o\u015b obiekt na kolejn\u0105 aukcj\u0119<\/a><\/p>\n                                          <p>Przejd\u017a do formularza<\/p>\n                  <\/div>\n        <!-- end container --> \n      <\/div>\n      <!-- end swiper-slide -->\n          <\/div>\n    <!-- end swiper-wrapper --> \n  <\/div>\n  <!-- end slider-texts -->\n\t<\/header>\n<!-- end slider -->\n\n\t\t<\/div>\n\t\t\t\t<\/div>\n\t\t\t\t\t<\/div>\n\t\t<\/div>\n\t\t\t\t\t\t\t<\/div>\n\t\t<\/section>\n\t\t\t\t<section class=\"elementor-section elementor-top-section elementor-element elementor-element-87ab0d2 elementor-section-boxed elementor-section-height-default elementor-section-height-default\" data-id=\"87ab0d2\" data-element_type=\"section\">\n\t\t\t\t\t\t<div class=\"elementor-container elementor-column-gap-default\">\n\t\t\t\t\t<div class=\"elementor-column elementor-col-100 elementor-top-column elementor-element elementor-element-11b20ba\" data-id=\"11b20ba\" data-element_type=\"column\">\n\t\t\t<div class=\"elementor-widget-wrap\">\n\t\t\t\t\t\t\t\t\t<\/div>\n\t\t<\/div>\n\t\t\t\t\t\t\t<\/div>\n\t\t<\/section>\n\t\t\t\t\t\t\t<\/div>\n\t\t","protected":false},"excerpt":{"rendered":"<p>Regulamin aukcji Zg\u0142o\u015b obiekt na aukcj\u0119 Archiwum aukcji 15. Aukcja Dzie\u0142 Sztuki przejd\u017a do obiekt\u00f3w Zg\u0142o\u015b obiekt na kolejn\u0105 aukcj\u0119 Przejd\u017a do formularza<\/p>\n","protected":false},"author":1,"featured_media":0,"parent":0,"menu_order":0,"comment_status":"closed","ping_status":"closed","template":"page-auctions.php","meta":[],"yoast_head":"<!-- This site is optimized with the Yoast SEO plugin v19.4 - https:\/\/yoast.com\/wordpress\/plugins\/seo\/ -->\n<title>Aukcje - ToTuart<\/title>\n<meta name=\"robots\" content=\"index, follow, max-snippet:-1, max-image-preview:large, max-video-preview:-1\" \/>\n<link rel=\"canonical\" href=\"https:\/\/totuart.com\/pl\/totu-dom-aukcyjny.html\" \/>\n<meta name=\"twitter:label1\" content=\"Szacowany czas czytania\" \/>\n\t<meta name=\"twitter:data1\" content=\"1 minuta\" \/>\n<script type=\"application\/ld+json\" class=\"yoast-schema-graph\">{\"@context\":\"https:\/\/schema.org\",\"@graph\":[{\"@type\":\"Organization\",\"@id\":\"https:\/\/totuart.com\/pl\/#organization\",\"name\":\"ToTuart\",\"url\":\"https:\/\/totuart.com\/pl\/\",\"sameAs\":[\"https:\/\/www.instagram.com\/totuart\/\",\"https:\/\/pl.pinterest.com\/totuart_warsaw\/\",\"https:\/\/www.facebook.com\/ToTuart.gallery\/\"],\"logo\":{\"@type\":\"ImageObject\",\"inLanguage\":\"pl-PL\",\"@id\":\"https:\/\/totuart.com\/pl\/#\/schema\/logo\/image\/\",\"url\":\"https:\/\/totuart.com\/wp-content\/uploads\/2021\/11\/logo-dark.png\",\"contentUrl\":\"https:\/\/totuart.com\/wp-content\/uploads\/2021\/11\/logo-dark.png\",\"width\":249,\"height\":60,\"caption\":\"ToTuart\"},\"image\":{\"@id\":\"https:\/\/totuart.com\/pl\/#\/schema\/logo\/image\/\"}},{\"@type\":\"WebSite\",\"@id\":\"https:\/\/totuart.com\/pl\/#website\",\"url\":\"https:\/\/totuart.com\/pl\/\",\"name\":\"ToTuart\",\"description\":\"Galeria Sztuki ToTuart - dzie\u0142a sztuki, malarstwo\",\"publisher\":{\"@id\":\"https:\/\/totuart.com\/pl\/#organization\"},\"potentialAction\":[{\"@type\":\"SearchAction\",\"target\":{\"@type\":\"EntryPoint\",\"urlTemplate\":\"https:\/\/totuart.com\/pl\/?s={search_term_string}\"},\"query-input\":\"required name=search_term_string\"}],\"inLanguage\":\"pl-PL\"},{\"@type\":\"WebPage\",\"@id\":\"https:\/\/totuart.com\/pl\/totu-dom-aukcyjny.html\",\"url\":\"https:\/\/totuart.com\/pl\/totu-dom-aukcyjny.html\",\"name\":\"Aukcje - ToTuart\",\"isPartOf\":{\"@id\":\"https:\/\/totuart.com\/pl\/#website\"},\"datePublished\":\"2022-05-09T07:11:07+00:00\",\"dateModified\":\"2025-09-24T15:47:46+00:00\",\"breadcrumb\":{\"@id\":\"https:\/\/totuart.com\/pl\/totu-dom-aukcyjny.html#breadcrumb\"},\"inLanguage\":\"pl-PL\",\"potentialAction\":[{\"@type\":\"ReadAction\",\"target\":[\"https:\/\/totuart.com\/pl\/totu-dom-aukcyjny.html\"]}]},{\"@type\":\"BreadcrumbList\",\"@id\":\"https:\/\/totuart.com\/pl\/totu-dom-aukcyjny.html#breadcrumb\",\"itemListElement\":[{\"@type\":\"ListItem\",\"position\":1,\"name\":\"Strona g\u0142\u00f3wna\",\"item\":\"https:\/\/totuart.com\/pl\/pl.html\"},{\"@type\":\"ListItem\",\"position\":2,\"name\":\"Aukcje\"}]}]}<\/script>\n<!-- \/ Yoast SEO plugin. -->","yoast_head_json":{"title":"Aukcje - ToTuart","robots":{"index":"index","follow":"follow","max-snippet":"max-snippet:-1","max-image-preview":"max-image-preview:large","max-video-preview":"max-video-preview:-1"},"canonical":"https:\/\/totuart.com\/pl\/totu-dom-aukcyjny.html","twitter_misc":{"Szacowany czas czytania":"1 minuta"},"schema":{"@context":"https:\/\/schema.org","@graph":[{"@type":"Organization","@id":"https:\/\/totuart.com\/pl\/#organization","name":"ToTuart","url":"https:\/\/totuart.com\/pl\/","sameAs":["https:\/\/www.instagram.com\/totuart\/","https:\/\/pl.pinterest.com\/totuart_warsaw\/","https:\/\/www.facebook.com\/ToTuart.gallery\/"],"logo":{"@type":"ImageObject","inLanguage":"pl-PL","@id":"https:\/\/totuart.com\/pl\/#\/schema\/logo\/image\/","url":"https:\/\/totuart.com\/wp-content\/uploads\/2021\/11\/logo-dark.png","contentUrl":"https:\/\/totuart.com\/wp-content\/uploads\/2021\/11\/logo-dark.png","width":249,"height":60,"caption":"ToTuart"},"image":{"@id":"https:\/\/totuart.com\/pl\/#\/schema\/logo\/image\/"}},{"@type":"WebSite","@id":"https:\/\/totuart.com\/pl\/#website","url":"https:\/\/totuart.com\/pl\/","name":"ToTuart","description":"Galeria Sztuki ToTuart - dzie\u0142a sztuki, malarstwo","publisher":{"@id":"https:\/\/totuart.com\/pl\/#organization"},"potentialAction":[{"@type":"SearchAction","target":{"@type":"EntryPoint","urlTemplate":"https:\/\/totuart.com\/pl\/?s={search_term_string}"},"query-input":"required name=search_term_string"}],"inLanguage":"pl-PL"},{"@type":"WebPage","@id":"https:\/\/totuart.com\/pl\/totu-dom-aukcyjny.html","url":"https:\/\/totuart.com\/pl\/totu-dom-aukcyjny.html","name":"Aukcje - ToTuart","isPartOf":{"@id":"https:\/\/totuart.com\/pl\/#website"},"datePublished":"2022-05-09T07:11:07+00:00","dateModified":"2025-09-24T15:47:46+00:00","breadcrumb":{"@id":"https:\/\/totuart.com\/pl\/totu-dom-aukcyjny.html#breadcrumb"},"inLanguage":"pl-PL","potentialAction":[{"@type":"ReadAction","target":["https:\/\/totuart.com\/pl\/totu-dom-aukcyjny.html"]}]},{"@type":"BreadcrumbList","@id":"https:\/\/totuart.com\/pl\/totu-dom-aukcyjny.html#breadcrumb","itemListElement":[{"@type":"ListItem","position":1,"name":"Strona g\u0142\u00f3wna","item":"https:\/\/totuart.com\/pl\/pl.html"},{"@type":"ListItem","position":2,"name":"Aukcje"}]}]}},"_links":{"self":[{"href":"https:\/\/totuart.com\/pl\/wp-json\/wp\/v2\/pages\/11806"}],"collection":[{"href":"https:\/\/totuart.com\/pl\/wp-json\/wp\/v2\/pages"}],"about":[{"href":"https:\/\/totuart.com\/pl\/wp-json\/wp\/v2\/types\/page"}],"author":[{"embeddable":true,"href":"https:\/\/totuart.com\/pl\/wp-json\/wp\/v2\/users\/1"}],"replies":[{"embeddable":true,"href":"https:\/\/totuart.com\/pl\/wp-json\/wp\/v2\/comments?post=11806"}],"version-history":[{"count":291,"href":"https:\/\/totuart.com\/pl\/wp-json\/wp\/v2\/pages\/11806\/revisions"}],"predecessor-version":[{"id":18952,"href":"https:\/\/totuart.com\/pl\/wp-json\/wp\/v2\/pages\/11806\/revisions\/18952"}],"wp:attachment":[{"href":"https:\/\/totuart.com\/pl\/wp-json\/wp\/v2\/media?parent=11806"}],"curies":[{"name":"wp","href":"https:\/\/api.w.org\/{rel}","templated":true}]}}