{"id":11174,"date":"2021-11-25T00:31:34","date_gmt":"2021-11-25T00:31:34","guid":{"rendered":"https:\/\/totuart.com\/?page_id=11174.html"},"modified":"2024-07-24T18:28:40","modified_gmt":"2024-07-24T18:28:40","slug":"kontakt","status":"publish","type":"page","link":"https:\/\/totuart.com\/pl\/kontakt.html","title":{"rendered":"Kontakt"},"content":{"rendered":"\t\t<div data-elementor-type=\"wp-page\" data-elementor-id=\"11174\" class=\"elementor elementor-11174\">\n\t\t\t\t\t\t\t\t\t<section class=\"elementor-section elementor-top-section elementor-element elementor-element-eba2c41 elementor-section-boxed elementor-section-height-default elementor-section-height-default\" data-id=\"eba2c41\" data-element_type=\"section\" data-settings=\"{&quot;background_background&quot;:&quot;classic&quot;}\">\n\t\t\t\t\t\t<div class=\"elementor-container elementor-column-gap-default\">\n\t\t\t\t\t<div class=\"elementor-column elementor-col-100 elementor-top-column elementor-element elementor-element-641f230\" data-id=\"641f230\" data-element_type=\"column\">\n\t\t\t<div class=\"elementor-widget-wrap elementor-element-populated\">\n\t\t\t\t\t\t\t\t<section class=\"elementor-section elementor-inner-section elementor-element elementor-element-f1b7471 elementor-section-boxed elementor-section-height-default elementor-section-height-default\" data-id=\"f1b7471\" data-element_type=\"section\">\n\t\t\t\t\t\t<div class=\"elementor-container elementor-column-gap-default\">\n\t\t\t\t\t<div class=\"elementor-column elementor-col-100 elementor-inner-column elementor-element elementor-element-eea3fcf\" data-id=\"eea3fcf\" data-element_type=\"column\">\n\t\t\t<div class=\"elementor-widget-wrap elementor-element-populated\">\n\t\t\t\t\t\t\t\t<div class=\"elementor-element elementor-element-59c34c2 elementor-widget elementor-widget-section-title\" data-id=\"59c34c2\" data-element_type=\"widget\" data-widget_type=\"section-title.default\">\n\t\t\t\t<div class=\"elementor-widget-container\">\n\t\t\t<div class=\"section-title text-center\">\n      <div class=\"icon\"><img src=\"https:\/\/totuart.com\/wp-content\/uploads\/2021\/03\/title-shape.png\" alt=\"KONTAKT\"><\/div>\n        <h2>KONTAKT<\/h2>\n<\/div>\n\t\t<\/div>\n\t\t\t\t<\/div>\n\t\t\t\t\t<\/div>\n\t\t<\/div>\n\t\t\t\t\t\t\t<\/div>\n\t\t<\/section>\n\t\t\t\t<section class=\"elementor-section elementor-inner-section elementor-element elementor-element-d3f0f88 elementor-section-boxed elementor-section-height-default elementor-section-height-default\" data-id=\"d3f0f88\" data-element_type=\"section\">\n\t\t\t\t\t\t<div class=\"elementor-container elementor-column-gap-default\">\n\t\t\t\t\t<div class=\"elementor-column elementor-col-100 elementor-inner-column elementor-element elementor-element-9598ed3\" data-id=\"9598ed3\" data-element_type=\"column\">\n\t\t\t<div class=\"elementor-widget-wrap elementor-element-populated\">\n\t\t\t\t\t\t\t\t<div class=\"elementor-element elementor-element-9be27ff elementor-widget elementor-widget-text-editor\" data-id=\"9be27ff\" data-element_type=\"widget\" data-widget_type=\"text-editor.default\">\n\t\t\t\t<div class=\"elementor-widget-container\">\n\t\t\t<style>\/*! elementor - v3.7.4 - 31-08-2022 *\/\n.elementor-widget-text-editor.elementor-drop-cap-view-stacked .elementor-drop-cap{background-color:#818a91;color:#fff}.elementor-widget-text-editor.elementor-drop-cap-view-framed .elementor-drop-cap{color:#818a91;border:3px solid;background-color:transparent}.elementor-widget-text-editor:not(.elementor-drop-cap-view-default) .elementor-drop-cap{margin-top:8px}.elementor-widget-text-editor:not(.elementor-drop-cap-view-default) .elementor-drop-cap-letter{width:1em;height:1em}.elementor-widget-text-editor .elementor-drop-cap{float:left;text-align:center;line-height:1;font-size:50px}.elementor-widget-text-editor .elementor-drop-cap-letter{display:inline-block}<\/style>\t\t\t\t<p>Masz pytania dotycz\u0105ce naszej oferty lub chcesz zg\u0142osi\u0107 dzie\u0142o sztuki na aukcj\u0119? Wype\u0142nij poni\u017cszy formularz i prze\u015blij do nas.<\/p>\t\t\t\t\t\t<\/div>\n\t\t\t\t<\/div>\n\t\t\t\t<div class=\"elementor-element elementor-element-8f2d397 elementor-widget elementor-widget-contact-form7\" data-id=\"8f2d397\" data-element_type=\"widget\" data-widget_type=\"contact-form7.default\">\n\t\t\t\t<div class=\"elementor-widget-container\">\n\t\t\t  <div role=\"form\" class=\"wpcf7\" id=\"wpcf7-f797-o1\" lang=\"pl-PL\" dir=\"ltr\">\n<div class=\"screen-reader-response\"><p role=\"status\" aria-live=\"polite\" aria-atomic=\"true\"><\/p> <ul><\/ul><\/div>\n<form action=\"\/wp-json\/wp\/v2\/pages\/11174#wpcf7-f797-o1\" method=\"post\" class=\"wpcf7-form init\" enctype=\"multipart\/form-data\" novalidate=\"novalidate\" data-status=\"init\">\n<div style=\"display: none;\">\n<input type=\"hidden\" name=\"_wpcf7\" value=\"797\" \/>\n<input type=\"hidden\" name=\"_wpcf7_version\" value=\"5.5.6.1\" \/>\n<input type=\"hidden\" name=\"_wpcf7_locale\" value=\"pl_PL\" \/>\n<input type=\"hidden\" name=\"_wpcf7_unit_tag\" value=\"wpcf7-f797-o1\" \/>\n<input type=\"hidden\" name=\"_wpcf7_container_post\" value=\"0\" \/>\n<input type=\"hidden\" name=\"_wpcf7_posted_data_hash\" value=\"\" \/>\n<input type=\"hidden\" name=\"_wpcf7_recaptcha_response\" value=\"\" \/>\n<\/div>\n<div class=\"contact-form\">\n<div class=\"mb-3\">\n                                  <span class=\"wpcf7-form-control-wrap text-684\"><input type=\"text\" name=\"text-684\" value=\"\" size=\"40\" class=\"wpcf7-form-control wpcf7-text wpcf7-validates-as-required\" aria-required=\"true\" aria-invalid=\"false\" placeholder=\"Imi\u0119 i Nazwisko\" \/><\/span>\n\t\t\t\t<\/div>\n<div class=\"mb-3 input-email\">\n                                   <span class=\"wpcf7-form-control-wrap email-509\"><input type=\"email\" name=\"email-509\" value=\"\" size=\"40\" class=\"wpcf7-form-control wpcf7-text wpcf7-email wpcf7-validates-as-required wpcf7-validates-as-email\" aria-required=\"true\" aria-invalid=\"false\" placeholder=\"E-mail\" \/><\/span>\n\t\t\t\t<\/div>\n<div class=\"mb-3\">\n                                     <span class=\"wpcf7-form-control-wrap text-567\"><input type=\"text\" name=\"text-567\" value=\"\" size=\"40\" class=\"wpcf7-form-control wpcf7-text wpcf7-validates-as-required\" aria-required=\"true\" aria-invalid=\"false\" placeholder=\"Telefon\" \/><\/span><\/p>\n<\/div>\n<div class=\"mb-3\">\n                                        <span class=\"wpcf7-form-control-wrap textarea-512\"><textarea name=\"textarea-512\" cols=\"40\" rows=\"10\" class=\"wpcf7-form-control wpcf7-textarea wpcf7-validates-as-required\" aria-required=\"true\" aria-invalid=\"false\" placeholder=\"Wiadomo\u015b\u0107\"><\/textarea><\/span>\n\t\t\t\t<\/div>\n<div class=\"mb-3\">\n<p>Obraz:<\/p>\n<p>                                      <span class=\"wpcf7-form-control-wrap file-141\"><input type=\"file\" name=\"file-141\" size=\"40\" class=\"wpcf7-form-control wpcf7-file\" accept=\".jpg,.jpeg,.png,.gif,.pdf,.doc,.docx,.ppt,.pptx,.odt,.avi,.ogg,.m4a,.mov,.mp3,.mp4,.mpg,.wav,.wmv\" aria-invalid=\"false\" \/><\/span>\n\t\t\t\t<\/p><\/div>\n<div class=\"mb-3\">\n\t\t\t\t\t<span class=\"wpcf7-form-control-wrap acceptance-998\"><span class=\"wpcf7-form-control wpcf7-acceptance\"><span class=\"wpcf7-list-item\"><label><input type=\"checkbox\" name=\"acceptance-998\" value=\"1\" aria-invalid=\"false\" \/><span class=\"wpcf7-list-item-label\">Wyra\u017cam zgod\u0119 na przetwarzanie podanych przeze mnie danych osobowych w celu otrzymania odpowiedzi na przes\u0142ane zg\u0142oszenie.<\/span><\/label><\/span><\/span><\/span>\n\t\t\t\t<\/div>\n<div class=\"mb-3\">\n                                           <input type=\"submit\" value=\"Wy\u015blij\" class=\"wpcf7-form-control has-spinner wpcf7-submit\" \/>\n\t\t\t\t<\/div>\n<\/div>\n<p style=\"display: none !important;\" class=\"akismet-fields-container\" data-prefix=\"_wpcf7_ak_\"><label>&#916;<textarea name=\"_wpcf7_ak_hp_textarea\" cols=\"45\" rows=\"8\" maxlength=\"100\"><\/textarea><\/label><input type=\"hidden\" id=\"ak_js_1\" name=\"_wpcf7_ak_js\" value=\"99\"\/><script>document.getElementById( \"ak_js_1\" ).setAttribute( \"value\", ( new Date() ).getTime() );<\/script><\/p><div class=\"wpcf7-response-output\" aria-hidden=\"true\"><\/div><\/form><\/div>  \t\t<\/div>\n\t\t\t\t<\/div>\n\t\t\t\t\t<\/div>\n\t\t<\/div>\n\t\t\t\t\t\t\t<\/div>\n\t\t<\/section>\n\t\t\t\t\t<\/div>\n\t\t<\/div>\n\t\t\t\t\t\t\t<\/div>\n\t\t<\/section>\n\t\t\t\t<section class=\"elementor-section elementor-top-section elementor-element elementor-element-d9e8050 elementor-section-full_width elementor-section-height-default elementor-section-height-default\" data-id=\"d9e8050\" data-element_type=\"section\">\n\t\t\t\t\t\t<div class=\"elementor-container elementor-column-gap-default\">\n\t\t\t\t\t<div class=\"elementor-column elementor-col-25 elementor-top-column elementor-element elementor-element-48a83bd\" data-id=\"48a83bd\" data-element_type=\"column\">\n\t\t\t<div class=\"elementor-widget-wrap elementor-element-populated\">\n\t\t\t\t\t\t\t\t<div class=\"elementor-element elementor-element-5960a77 elementor-widget elementor-widget-text-editor\" data-id=\"5960a77\" data-element_type=\"widget\" data-widget_type=\"text-editor.default\">\n\t\t\t\t<div class=\"elementor-widget-container\">\n\t\t\t\t\t\t\t<p><strong>Centrum Praskie Koneser<\/strong><\/p><p>Plac Konesera 10A<\/p><p>03-736 Warszawa<\/p><p>pon. &#8211; sob. 11:00 &#8211; 19:00<\/p><p><a href=\"mailto:biuro@totuart.com\">biuro@totuart.com<\/a><\/p><p>+48 605 909 547<\/p><p>\u00a0<\/p>\t\t\t\t\t\t<\/div>\n\t\t\t\t<\/div>\n\t\t\t\t<div class=\"elementor-element elementor-element-034b8bf elementor-widget elementor-widget-google-maps\" data-id=\"034b8bf\" data-element_type=\"widget\" data-widget_type=\"google-maps.default\">\n\t\t\t\t<div class=\"elementor-widget-container\">\n\t\t\t<div class=\"google-maps\">\n\t  <iframe  src=\"\n  https:\/\/www.google.com\/maps\/embed?pb=!1m14!1m8!1m3!1d6520.366520040235!2d21.038258936269386!3d52.25468342823978!3m2!1i1024!2i768!4f13.1!3m3!1m2!1s0x0%3A0xa812cd160f5cd2d7!2sToTuart%20Galeria%20Sztuki!5e0!3m2!1spl!2spl!4v1635857336958!5m2!1spl!2spl&amp;key=AIzaSyBi57tYvqC4rYYUV8_lrUSMso_xUWreS8o&amp;key=AIzaSyBi57tYvqC4rYYUV8_lrUSMso_xUWreS8o\" ><\/iframe>\n\t  <\/div>\n\n\n\t\t<\/div>\n\t\t\t\t<\/div>\n\t\t\t\t\t<\/div>\n\t\t<\/div>\n\t\t\t\t<div class=\"elementor-column elementor-col-25 elementor-top-column elementor-element elementor-element-c1e74f3\" data-id=\"c1e74f3\" data-element_type=\"column\">\n\t\t\t<div class=\"elementor-widget-wrap elementor-element-populated\">\n\t\t\t\t\t\t\t\t<div class=\"elementor-element elementor-element-f074fb4 elementor-widget elementor-widget-text-editor\" data-id=\"f074fb4\" data-element_type=\"widget\" data-widget_type=\"text-editor.default\">\n\t\t\t\t<div class=\"elementor-widget-container\">\n\t\t\t\t\t\t\t<p><b>BanGlob MARINA ToTuart\u00a0<\/b><\/p><p><b style=\"font-size: small;\"><span style=\"font-size: large;\">Letnia Galeria (tylko w miesi\u0105cach wakacyjnych)<\/span><\/b><\/p><p>ul. Arkadiusza Rybickiego 4A<\/p><p>Gdynia, Yacht Park<\/p><p><span style=\"font-family: arial, sans-serif; font-size: large;\">wt. \u2013 ndz. 11:00 \u2013 22:00<\/span><\/p><p><a href=\"mailto:biuro@totuart.com\">biuro@totuart.com<\/a><\/p><p>+48 789 125 706<\/p>\t\t\t\t\t\t<\/div>\n\t\t\t\t<\/div>\n\t\t\t\t<div class=\"elementor-element elementor-element-82a2c2c elementor-widget elementor-widget-google-maps\" data-id=\"82a2c2c\" data-element_type=\"widget\" data-widget_type=\"google-maps.default\">\n\t\t\t\t<div class=\"elementor-widget-container\">\n\t\t\t<div class=\"google-maps\">\n\t  <iframe  src=\"\n  https:\/\/www.google.com\/maps\/embed?pb=!1m18!1m12!1m3!1d2315.637815485437!2d18.550855215861386!3d54.522248580242255!2m3!1f0!2f0!3f0!3m2!1i1024!2i768!4f13.1!3m3!1m2!1s0x46fda7ffb3775b6f%3A0x416c3f49c1d90999!2sBusiness%20Class%20Marina%20w%20Gdyni!5e0!3m2!1spl!2spl!4v1679299780412!5m2!1spl!2spl\" ><\/iframe>\n\t  <\/div>\n\n\n\t\t<\/div>\n\t\t\t\t<\/div>\n\t\t\t\t\t<\/div>\n\t\t<\/div>\n\t\t\t\t<div class=\"elementor-column elementor-col-25 elementor-top-column elementor-element elementor-element-19ee27a\" data-id=\"19ee27a\" data-element_type=\"column\">\n\t\t\t<div class=\"elementor-widget-wrap elementor-element-populated\">\n\t\t\t\t\t\t\t\t<div class=\"elementor-element elementor-element-1d7a7d5 elementor-widget elementor-widget-text-editor\" data-id=\"1d7a7d5\" data-element_type=\"widget\" data-widget_type=\"text-editor.default\">\n\t\t\t\t<div class=\"elementor-widget-container\">\n\t\t\t\t\t\t\t<p><b>ToTuart Sweden\u00a0<\/b><\/p><p>Simrishamnv\u00e4gen 55<span style=\"font-weight: 400;\">\u00a0<\/span><\/p><p>276 56 Hammenh\u00f6g<\/p><p>\u00d6sterlen in Sk\u00e5ne \/ Ystad<\/p><p>Tel +46 73 18 28 150<\/p><p>\u00a0<\/p><p>\u00a0<\/p>\t\t\t\t\t\t<\/div>\n\t\t\t\t<\/div>\n\t\t\t\t<div class=\"elementor-element elementor-element-a3c2dd2 elementor-widget elementor-widget-google-maps\" data-id=\"a3c2dd2\" data-element_type=\"widget\" data-widget_type=\"google-maps.default\">\n\t\t\t\t<div class=\"elementor-widget-container\">\n\t\t\t<div class=\"google-maps\">\n\t  <iframe  src=\"\n  https:\/\/www.google.com\/maps\/embed?pb=!1m18!1m12!1m3!1d2259.1900191949785!2d14.177262799999998!3d55.51163849999999!2m3!1f0!2f0!3f0!3m2!1i1024!2i768!4f13.1!3m3!1m2!1s0x46545d086e1bbc5b%3A0x5597a5f60cf409b1!2sSimrishamnsv%C3%A4gen%2055%2C%20276%2056%20Hammenh%C3%B6g%2C%20Szwecja!5e0!3m2!1spl!2spl!4v1687789589355!5m2!1spl!2spl\" ><\/iframe>\n\t  <\/div>\n\n\n\t\t<\/div>\n\t\t\t\t<\/div>\n\t\t\t\t\t<\/div>\n\t\t<\/div>\n\t\t\t\t<div class=\"elementor-column elementor-col-25 elementor-top-column elementor-element elementor-element-fe74182\" data-id=\"fe74182\" data-element_type=\"column\">\n\t\t\t<div class=\"elementor-widget-wrap elementor-element-populated\">\n\t\t\t\t\t\t\t\t<div class=\"elementor-element elementor-element-3a60d48 elementor-widget elementor-widget-text-editor\" data-id=\"3a60d48\" data-element_type=\"widget\" data-widget_type=\"text-editor.default\">\n\t\t\t\t<div class=\"elementor-widget-container\">\n\t\t\t\t\t\t\t<p><b>ToTuart France<\/b><\/p><p>Rados\u0142aw Romanek<\/p><p><span style=\"font-family: var( --e-global-typography-text-font-family ), Sans-serif; font-size: 17px;\">Tel +33 699 993 010<\/span><\/p>\t\t\t\t\t\t<\/div>\n\t\t\t\t<\/div>\n\t\t\t\t\t<\/div>\n\t\t<\/div>\n\t\t\t\t\t\t\t<\/div>\n\t\t<\/section>\n\t\t\t\t\t\t\t<\/div>\n\t\t","protected":false},"excerpt":{"rendered":"<p>KONTAKT Masz pytania dotycz\u0105ce naszej oferty lub chcesz zg\u0142osi\u0107 dzie\u0142o sztuki na aukcj\u0119? Wype\u0142nij poni\u017cszy formularz i prze\u015blij do nas. Centrum Praskie Koneser Plac Konesera 10A 03-736 Warszawa pon. &#8211; sob. 11:00 &#8211; 19:00 biuro@totuart.com +48 605 909 547 \u00a0 BanGlob MARINA ToTuart\u00a0 Letnia Galeria (tylko w miesi\u0105cach wakacyjnych) ul. Arkadiusza Rybickiego 4A Gdynia, Yacht [&hellip;]<\/p>\n","protected":false},"author":1,"featured_media":0,"parent":0,"menu_order":0,"comment_status":"closed","ping_status":"closed","template":"page-builder.php","meta":[],"yoast_head":"<!-- This site is optimized with the Yoast SEO plugin v19.4 - https:\/\/yoast.com\/wordpress\/plugins\/seo\/ -->\n<title>Kontakt - ToTuart<\/title>\n<meta name=\"robots\" content=\"index, follow, max-snippet:-1, max-image-preview:large, max-video-preview:-1\" \/>\n<link rel=\"canonical\" href=\"https:\/\/totuart.com\/pl\/kontakt.html\" \/>\n<meta name=\"twitter:label1\" content=\"Szacowany czas czytania\" \/>\n\t<meta name=\"twitter:data1\" content=\"2 minuty\" \/>\n<script type=\"application\/ld+json\" class=\"yoast-schema-graph\">{\"@context\":\"https:\/\/schema.org\",\"@graph\":[{\"@type\":\"Organization\",\"@id\":\"https:\/\/totuart.com\/pl\/#organization\",\"name\":\"ToTuart\",\"url\":\"https:\/\/totuart.com\/pl\/\",\"sameAs\":[\"https:\/\/www.instagram.com\/totuart\/\",\"https:\/\/pl.pinterest.com\/totuart_warsaw\/\",\"https:\/\/www.facebook.com\/ToTuart.gallery\/\"],\"logo\":{\"@type\":\"ImageObject\",\"inLanguage\":\"pl-PL\",\"@id\":\"https:\/\/totuart.com\/pl\/#\/schema\/logo\/image\/\",\"url\":\"https:\/\/totuart.com\/wp-content\/uploads\/2021\/11\/logo-dark.png\",\"contentUrl\":\"https:\/\/totuart.com\/wp-content\/uploads\/2021\/11\/logo-dark.png\",\"width\":249,\"height\":60,\"caption\":\"ToTuart\"},\"image\":{\"@id\":\"https:\/\/totuart.com\/pl\/#\/schema\/logo\/image\/\"}},{\"@type\":\"WebSite\",\"@id\":\"https:\/\/totuart.com\/pl\/#website\",\"url\":\"https:\/\/totuart.com\/pl\/\",\"name\":\"ToTuart\",\"description\":\"Galeria Sztuki ToTuart - dzie\u0142a sztuki, malarstwo\",\"publisher\":{\"@id\":\"https:\/\/totuart.com\/pl\/#organization\"},\"potentialAction\":[{\"@type\":\"SearchAction\",\"target\":{\"@type\":\"EntryPoint\",\"urlTemplate\":\"https:\/\/totuart.com\/pl\/?s={search_term_string}\"},\"query-input\":\"required name=search_term_string\"}],\"inLanguage\":\"pl-PL\"},{\"@type\":\"WebPage\",\"@id\":\"https:\/\/totuart.com\/pl\/kontakt.html\",\"url\":\"https:\/\/totuart.com\/pl\/kontakt.html\",\"name\":\"Kontakt - ToTuart\",\"isPartOf\":{\"@id\":\"https:\/\/totuart.com\/pl\/#website\"},\"datePublished\":\"2021-11-25T00:31:34+00:00\",\"dateModified\":\"2024-07-24T18:28:40+00:00\",\"breadcrumb\":{\"@id\":\"https:\/\/totuart.com\/pl\/kontakt.html#breadcrumb\"},\"inLanguage\":\"pl-PL\",\"potentialAction\":[{\"@type\":\"ReadAction\",\"target\":[\"https:\/\/totuart.com\/pl\/kontakt.html\"]}]},{\"@type\":\"BreadcrumbList\",\"@id\":\"https:\/\/totuart.com\/pl\/kontakt.html#breadcrumb\",\"itemListElement\":[{\"@type\":\"ListItem\",\"position\":1,\"name\":\"Strona g\u0142\u00f3wna\",\"item\":\"https:\/\/totuart.com\/pl\/pl.html\"},{\"@type\":\"ListItem\",\"position\":2,\"name\":\"Kontakt\"}]}]}<\/script>\n<!-- \/ Yoast SEO plugin. -->","yoast_head_json":{"title":"Kontakt - ToTuart","robots":{"index":"index","follow":"follow","max-snippet":"max-snippet:-1","max-image-preview":"max-image-preview:large","max-video-preview":"max-video-preview:-1"},"canonical":"https:\/\/totuart.com\/pl\/kontakt.html","twitter_misc":{"Szacowany czas czytania":"2 minuty"},"schema":{"@context":"https:\/\/schema.org","@graph":[{"@type":"Organization","@id":"https:\/\/totuart.com\/pl\/#organization","name":"ToTuart","url":"https:\/\/totuart.com\/pl\/","sameAs":["https:\/\/www.instagram.com\/totuart\/","https:\/\/pl.pinterest.com\/totuart_warsaw\/","https:\/\/www.facebook.com\/ToTuart.gallery\/"],"logo":{"@type":"ImageObject","inLanguage":"pl-PL","@id":"https:\/\/totuart.com\/pl\/#\/schema\/logo\/image\/","url":"https:\/\/totuart.com\/wp-content\/uploads\/2021\/11\/logo-dark.png","contentUrl":"https:\/\/totuart.com\/wp-content\/uploads\/2021\/11\/logo-dark.png","width":249,"height":60,"caption":"ToTuart"},"image":{"@id":"https:\/\/totuart.com\/pl\/#\/schema\/logo\/image\/"}},{"@type":"WebSite","@id":"https:\/\/totuart.com\/pl\/#website","url":"https:\/\/totuart.com\/pl\/","name":"ToTuart","description":"Galeria Sztuki ToTuart - dzie\u0142a sztuki, malarstwo","publisher":{"@id":"https:\/\/totuart.com\/pl\/#organization"},"potentialAction":[{"@type":"SearchAction","target":{"@type":"EntryPoint","urlTemplate":"https:\/\/totuart.com\/pl\/?s={search_term_string}"},"query-input":"required name=search_term_string"}],"inLanguage":"pl-PL"},{"@type":"WebPage","@id":"https:\/\/totuart.com\/pl\/kontakt.html","url":"https:\/\/totuart.com\/pl\/kontakt.html","name":"Kontakt - ToTuart","isPartOf":{"@id":"https:\/\/totuart.com\/pl\/#website"},"datePublished":"2021-11-25T00:31:34+00:00","dateModified":"2024-07-24T18:28:40+00:00","breadcrumb":{"@id":"https:\/\/totuart.com\/pl\/kontakt.html#breadcrumb"},"inLanguage":"pl-PL","potentialAction":[{"@type":"ReadAction","target":["https:\/\/totuart.com\/pl\/kontakt.html"]}]},{"@type":"BreadcrumbList","@id":"https:\/\/totuart.com\/pl\/kontakt.html#breadcrumb","itemListElement":[{"@type":"ListItem","position":1,"name":"Strona g\u0142\u00f3wna","item":"https:\/\/totuart.com\/pl\/pl.html"},{"@type":"ListItem","position":2,"name":"Kontakt"}]}]}},"_links":{"self":[{"href":"https:\/\/totuart.com\/pl\/wp-json\/wp\/v2\/pages\/11174"}],"collection":[{"href":"https:\/\/totuart.com\/pl\/wp-json\/wp\/v2\/pages"}],"about":[{"href":"https:\/\/totuart.com\/pl\/wp-json\/wp\/v2\/types\/page"}],"author":[{"embeddable":true,"href":"https:\/\/totuart.com\/pl\/wp-json\/wp\/v2\/users\/1"}],"replies":[{"embeddable":true,"href":"https:\/\/totuart.com\/pl\/wp-json\/wp\/v2\/comments?post=11174"}],"version-history":[{"count":154,"href":"https:\/\/totuart.com\/pl\/wp-json\/wp\/v2\/pages\/11174\/revisions"}],"predecessor-version":[{"id":15854,"href":"https:\/\/totuart.com\/pl\/wp-json\/wp\/v2\/pages\/11174\/revisions\/15854"}],"wp:attachment":[{"href":"https:\/\/totuart.com\/pl\/wp-json\/wp\/v2\/media?parent=11174"}],"curies":[{"name":"wp","href":"https:\/\/api.w.org\/{rel}","templated":true}]}}