{"id":11047,"date":"2021-11-24T23:34:06","date_gmt":"2021-11-24T23:34:06","guid":{"rendered":"https:\/\/totuart.com\/?page_id=11047.html"},"modified":"2026-03-30T16:01:06","modified_gmt":"2026-03-30T16:01:06","slug":"strona-glowna","status":"publish","type":"page","link":"https:\/\/totuart.com\/pl\/pl.html","title":{"rendered":"Strona G\u0142\u00f3wna"},"content":{"rendered":"\t\t<div data-elementor-type=\"wp-page\" data-elementor-id=\"11047\" class=\"elementor elementor-11047\">\n\t\t\t\t\t\t\t\t\t<section class=\"elementor-section elementor-top-section elementor-element elementor-element-c6da5e3 elementor-section-full_width elementor-section-height-full elementor-section-height-default elementor-section-items-middle\" data-id=\"c6da5e3\" data-element_type=\"section\">\n\t\t\t\t\t\t<div class=\"elementor-container elementor-column-gap-no\">\n\t\t\t\t\t<div class=\"elementor-column elementor-col-100 elementor-top-column elementor-element elementor-element-8c13d7b\" data-id=\"8c13d7b\" data-element_type=\"column\">\n\t\t\t<div class=\"elementor-widget-wrap elementor-element-populated\">\n\t\t\t\t\t\t\t\t<div class=\"elementor-element elementor-element-5de0694 elementor-widget elementor-widget-totuart-header-slider\" data-id=\"5de0694\" data-element_type=\"widget\" data-widget_type=\"totuart-header-slider.default\">\n\t\t\t\t<div class=\"elementor-widget-container\">\n\t\t\t          <style>\n              .elementor-edit-area .slider .swiper-slide\n              {\n                  pointer-events: none;\n              }\n          <\/style>\n<header class=\"slider\">\n  <div class=\"swiper-container slider-images\">\n    <div class=\"swiper-wrapper\">\n      \n      <div class=\"swiper-slide\">\n          <div class=\"desktop-slide is-mobile-slide\"> <img loading=\"lazy\" src=\"https:\/\/totuart.com\/wp-content\/uploads\/2026\/03\/slider-na-www.jpg\" width=\"500\" height=\"200\" title=\"ZAPRASZAMY NA NOW\u0104 EKSPOZYCJ\u0118 GALERYJN\u0104\">  <\/div>\n        <div class=\"mobile-slide\" data-background=\"https:\/\/totuart.com\/wp-content\/uploads\/2026\/03\/aktualnosci-1.jpg\"  ><\/div>\n      <\/div>\n      \n      <div class=\"swiper-slide\">\n          <div class=\"desktop-slide is-mobile-slide\"> <img loading=\"lazy\" src=\"https:\/\/totuart.com\/wp-content\/uploads\/2025\/09\/baner-na-aukcje.jpg\" width=\"500\" height=\"200\" title=\"OLBI\u0143SKI JEWELRY\">  <\/div>\n        <div class=\"mobile-slide\" data-background=\"https:\/\/totuart.com\/wp-content\/uploads\/2025\/09\/Byk_Bizu_Light_Edit-\u2014-kopia.jpg\"  ><\/div>\n      <\/div>\n      \n      <div class=\"swiper-slide\">\n          <div class=\"desktop-slide is-mobile-slide\"> <img loading=\"lazy\" src=\"https:\/\/totuart.com\/wp-content\/uploads\/2025\/12\/W.-Siudmak-prezentacja-na-tv.png\" width=\"500\" height=\"200\" title=\"Wyj\u0105tkowa moneta kolekcjonerska Wojciecha Siudmaka i Mennicy Polskiej\">  <\/div>\n        <div class=\"mobile-slide\" data-background=\"https:\/\/totuart.com\/wp-content\/uploads\/2025\/12\/mailing.png\"  ><\/div>\n      <\/div>\n      \n      <div class=\"swiper-slide\">\n          <div class=\"desktop-slide is-mobile-slide\"> <img loading=\"lazy\" src=\"https:\/\/totuart.com\/wp-content\/uploads\/2023\/03\/zglos-na-aukcje-slider-na-strone-www.jpg\" width=\"500\" height=\"200\" title=\"Zg\u0142o\u015b obiekt na kolejn\u0105 Aukcj\u0119\">  <\/div>\n        <div class=\"mobile-slide\" data-background=\"https:\/\/totuart.com\/wp-content\/uploads\/2023\/03\/zglos-na-aukcje-slajder-mobile-425x625-v2.jpg\"  ><\/div>\n      <\/div>\n          <\/div>\n    <!-- end swiper-wrapper -->\n    \n    <div class=\"container-fluid slider-nav\">\n      <div class=\"swiper-pagination\"><\/div>\n      <!-- end swiper-pagination -->\n      <div class=\"swiper-fraction\"><\/div>\n      <!-- end swiper-fraction -->\n      <div class=\"button-prev\"><i class=\"fa fa-chevron-down\"><\/i><\/div>\n      <!-- end swiper-button-prev -->\n      <div class=\"button-next\"><i class=\"fa fa-chevron-up\"><\/i><\/div>\n      <!-- end swiper-button-next --> \n    <\/div>\n    <!-- end slider-nav --> \n  <\/div>\n  <!-- end slider-images -->\n  <div class=\"swiper-container slider-texts\">\n    <svg width=\"580\" height=\"400\" class=\"svg-morph\">\n      <path id=\"svg_morph\" d=\"m261,30.4375c0,0 114,6 151,75c37,69 37,174 6,206.5625c-31,32.5625 -138,11.4375 -196,-19.5625c-58,-31 -86,-62 -90,-134.4375c12,-136.5625 92,-126.5625 129,-127.5625z\" \/>\n    <\/svg>\n    <div class=\"swiper-wrapper\">\n            <div class=\"swiper-slide\" onclick=\"location.href='https:\/\/dziela.totuart.com\/?_gl=1*es3i4w*_ga*MTAwNjcxOTcyNS4xNjc0NTU2NDg2*_ga_TJBJHBWNSG*czE3NzQ4ODYzNDAkbzE2OTUkZzAkdDE3NzQ4ODYzNzAkajMwJGwwJGgw'\">\n        <div class=\"container-fluid\">\n\t  \t    \t\t<p class=\"h1\"><a href=\"https:\/\/dziela.totuart.com\/?_gl=1*es3i4w*_ga*MTAwNjcxOTcyNS4xNjc0NTU2NDg2*_ga_TJBJHBWNSG*czE3NzQ4ODYzNDAkbzE2OTUkZzAkdDE3NzQ4ODYzNzAkajMwJGwwJGgw\">ZAPRASZAMY NA NOW\u0104 EKSPOZYCJ\u0118 GALERYJN\u0104<\/a><\/p>\n                                          <p>pon.-sob.: 11:00-19:00  (3-7 kwietnia nieczynne)<\/p>\n                  <\/div>\n        <!-- end container --> \n      <\/div>\n      <!-- end swiper-slide -->\n            <div class=\"swiper-slide\" onclick=\"location.href='https:\/\/totuart.com\/pl\/bizuteria-rafal-olbinski.html'\">\n        <div class=\"container-fluid\">\n\t  \t    \t\t<p class=\"h1\"><a href=\"https:\/\/totuart.com\/pl\/bizuteria-rafal-olbinski.html\">OLBI\u0143SKI JEWELRY<\/a><\/p>\n                                          <p>przejd\u017a do bi\u017cuterii<\/p>\n                  <\/div>\n        <!-- end container --> \n      <\/div>\n      <!-- end swiper-slide -->\n            <div class=\"swiper-slide\" onclick=\"location.href='https:\/\/totuart.com\/pl\/blog\/premiera-wyjatkowej-monety-wojtka-siudmaka-i-mennicy-polskiej'\">\n        <div class=\"container-fluid\">\n\t  \t    \t\t<p class=\"h1\"><a href=\"https:\/\/totuart.com\/pl\/blog\/premiera-wyjatkowej-monety-wojtka-siudmaka-i-mennicy-polskiej\">Wyj\u0105tkowa moneta kolekcjonerska Wojciecha Siudmaka i Mennicy Polskiej<\/a><\/p>\n                                          <p>Do zakupienia w ToTuart. Kliknij po szczeg\u00f3\u0142y.<\/p>\n                  <\/div>\n        <!-- end container --> \n      <\/div>\n      <!-- end swiper-slide -->\n            <div class=\"swiper-slide\" onclick=\"location.href='https:\/\/totuart.com\/pl\/kontakt.html'\">\n        <div class=\"container-fluid\">\n\t  \t    \t\t<p class=\"h1\"><a href=\"https:\/\/totuart.com\/pl\/kontakt.html\">Zg\u0142o\u015b obiekt na kolejn\u0105 Aukcj\u0119<\/a><\/p>\n                                          <p>przejd\u017a do formularza<\/p>\n                  <\/div>\n        <!-- end container --> \n      <\/div>\n      <!-- end swiper-slide -->\n          <\/div>\n    <!-- end swiper-wrapper --> \n  <\/div>\n  <!-- end slider-texts -->\n\t<\/header>\n<!-- end slider -->\n\n\t\t<\/div>\n\t\t\t\t<\/div>\n\t\t\t\t\t<\/div>\n\t\t<\/div>\n\t\t\t\t\t\t\t<\/div>\n\t\t<\/section>\n\t\t\t\t<section class=\"elementor-section elementor-top-section elementor-element elementor-element-147b101 elementor-section-boxed elementor-section-height-default elementor-section-height-default\" data-id=\"147b101\" data-element_type=\"section\">\n\t\t\t\t\t\t<div class=\"elementor-container elementor-column-gap-default\">\n\t\t\t\t\t<div class=\"elementor-column elementor-col-100 elementor-top-column elementor-element elementor-element-0099921\" data-id=\"0099921\" data-element_type=\"column\">\n\t\t\t<div class=\"elementor-widget-wrap elementor-element-populated\">\n\t\t\t\t\t\t\t\t<section class=\"elementor-section elementor-inner-section elementor-element elementor-element-e9e908c elementor-section-boxed elementor-section-height-default elementor-section-height-default\" data-id=\"e9e908c\" data-element_type=\"section\">\n\t\t\t\t\t\t<div class=\"elementor-container elementor-column-gap-default\">\n\t\t\t\t\t<div class=\"elementor-column elementor-col-100 elementor-inner-column elementor-element elementor-element-d6f8988\" data-id=\"d6f8988\" data-element_type=\"column\">\n\t\t\t<div class=\"elementor-widget-wrap\">\n\t\t\t\t\t\t\t\t\t<\/div>\n\t\t<\/div>\n\t\t\t\t\t\t\t<\/div>\n\t\t<\/section>\n\t\t\t\t<section class=\"elementor-section elementor-inner-section elementor-element elementor-element-c9be9db elementor-section-boxed elementor-section-height-default elementor-section-height-default\" data-id=\"c9be9db\" data-element_type=\"section\">\n\t\t\t\t\t\t<div class=\"elementor-container elementor-column-gap-default\">\n\t\t\t\t\t<div class=\"elementor-column elementor-col-100 elementor-inner-column elementor-element elementor-element-f5943fe\" data-id=\"f5943fe\" data-element_type=\"column\">\n\t\t\t<div class=\"elementor-widget-wrap elementor-element-populated\">\n\t\t\t\t\t\t\t\t<div class=\"elementor-element elementor-element-fd13e04 elementor-widget elementor-widget-totuart-section-title\" data-id=\"fd13e04\" data-element_type=\"widget\" data-widget_type=\"totuart-section-title.default\">\n\t\t\t\t<div class=\"elementor-widget-container\">\n\t\t\t        <div class=\"totuart-section-title section-title text-center\">\n                                                <div class=\"icon\"><img src=\"https:\/\/totuart.com\/wp-content\/uploads\/2022\/01\/Projekt-bez-tytulu-43.png\" alt=\"WYSTAWY\"><\/div>\n                                                    <p class=\"h2\">WYSTAWY<\/p>\n        <\/div>\n        \t\t<\/div>\n\t\t\t\t<\/div>\n\t\t\t\t<div class=\"elementor-element elementor-element-ad59401 elementor-widget elementor-widget-totuart-exhibitions\" data-id=\"ad59401\" data-element_type=\"widget\" data-widget_type=\"totuart-exhibitions.default\">\n\t\t\t\t<div class=\"elementor-widget-container\">\n\t\t\t        <div class=\"row justify-content-center\">\n                                <div class=\"col-lg-4 col-md-6\">\n                        <div class=\"exhibition-box\" data-scroll data-scroll-speed=\"0.5\">\n                            <div class=\"thumb\"> <a href=\"https:\/\/totuart.com\/pl\/blog\/exhibition\/anastasiya-kamarova-tym-razem-zostanie-juz-na-zawsze\"><img src=\"https:\/\/totuart.com\/wp-content\/uploads\/2026\/02\/mailing.png\" alt=\"Image\" class=\"img\"><\/a>\n                                <div class=\"info\">\n                                    <figure class=\"i\"><img src=\"https:\/\/totuart.com\/wp-content\/themes\/wandau\/images\/icon-info.png\" alt=\"Image\"><\/figure>\n                                    <span><\/span> <\/div>\n                                <!-- end info -->\n                            <\/div>\n                            <div class=\"content-box\">\n                                <p class=\"h4\"><a href=\"https:\/\/totuart.com\/pl\/blog\/exhibition\/anastasiya-kamarova-tym-razem-zostanie-juz-na-zawsze\">Anastasiya Kamarova. Tym razem zostanie ju\u017c na zawsze.<\/a><\/p>\n                                <p>22.02-21.03.2026 <\/p>\n                            <\/div>\n                            <!-- end content-box -->\n                        <\/div>\n                        <!-- end col-6 -->\n\n                    <\/div>\n                                    <div class=\"col-lg-4 col-md-6\">\n                        <div class=\"exhibition-box\" data-scroll data-scroll-speed=\"0.5\">\n                            <div class=\"thumb\"> <a href=\"https:\/\/totuart.com\/pl\/blog\/exhibition\/wojciech-siudmak-dialog-wewnetrzny\"><img src=\"https:\/\/totuart.com\/wp-content\/uploads\/2025\/12\/mailing.jpg\" alt=\"Image\" class=\"img\"><\/a>\n                                <div class=\"info\">\n                                    <figure class=\"i\"><img src=\"https:\/\/totuart.com\/wp-content\/themes\/wandau\/images\/icon-info.png\" alt=\"Image\"><\/figure>\n                                    <span><\/span> <\/div>\n                                <!-- end info -->\n                            <\/div>\n                            <div class=\"content-box\">\n                                <p class=\"h4\"><a href=\"https:\/\/totuart.com\/pl\/blog\/exhibition\/wojciech-siudmak-dialog-wewnetrzny\">Wojciech Siudmak. Dialog wewn\u0119trzny<\/a><\/p>\n                                <p>03.11.2025-10.01.2026 <\/p>\n                            <\/div>\n                            <!-- end content-box -->\n                        <\/div>\n                        <!-- end col-6 -->\n\n                    <\/div>\n                                    <div class=\"col-lg-4 col-md-6\">\n                        <div class=\"exhibition-box\" data-scroll data-scroll-speed=\"0.5\">\n                            <div class=\"thumb\"> <a href=\"https:\/\/totuart.com\/pl\/blog\/exhibition\/ars-abundantiae-w-malarstwie-marii-lorek\"><img src=\"https:\/\/totuart.com\/wp-content\/uploads\/2025\/10\/mailing-1.png\" alt=\"Image\" class=\"img\"><\/a>\n                                <div class=\"info\">\n                                    <figure class=\"i\"><img src=\"https:\/\/totuart.com\/wp-content\/themes\/wandau\/images\/icon-info.png\" alt=\"Image\"><\/figure>\n                                    <span><\/span> <\/div>\n                                <!-- end info -->\n                            <\/div>\n                            <div class=\"content-box\">\n                                <p class=\"h4\"><a href=\"https:\/\/totuart.com\/pl\/blog\/exhibition\/ars-abundantiae-w-malarstwie-marii-lorek\">Ars Abundantiae w malarstwie Marii Lorek<\/a><\/p>\n                                <p>26.10-29.12.2025 <\/p>\n                            <\/div>\n                            <!-- end content-box -->\n                        <\/div>\n                        <!-- end col-6 -->\n\n                    <\/div>\n                                                        <div class=\"col-12 text-center\"> <a href=\"\/pl\/wystawy.html\" class=\"custom-button mt-4\">WSZYSTKIE WYSTAWY<\/a> <\/div>\n                    <\/div>\n        \t\t<\/div>\n\t\t\t\t<\/div>\n\t\t\t\t\t<\/div>\n\t\t<\/div>\n\t\t\t\t\t\t\t<\/div>\n\t\t<\/section>\n\t\t\t\t\t<\/div>\n\t\t<\/div>\n\t\t\t\t\t\t\t<\/div>\n\t\t<\/section>\n\t\t\t\t\t\t\t<\/div>\n\t\t","protected":false},"excerpt":{"rendered":"<p>ZAPRASZAMY NA NOW\u0104 EKSPOZYCJ\u0118 GALERYJN\u0104 pon.-sob.: 11:00-19:00 (3-7 kwietnia nieczynne) OLBI\u0143SKI JEWELRY przejd\u017a do bi\u017cuterii Wyj\u0105tkowa moneta kolekcjonerska Wojciecha Siudmaka i Mennicy Polskiej Do zakupienia w ToTuart. Kliknij po szczeg\u00f3\u0142y. Zg\u0142o\u015b obiekt na kolejn\u0105 Aukcj\u0119 przejd\u017a do formularza WYSTAWY Anastasiya Kamarova. Tym razem zostanie ju\u017c na zawsze. 22.02-21.03.2026 Wojciech Siudmak. Dialog wewn\u0119trzny 03.11.2025-10.01.2026 Ars Abundantiae [&hellip;]<\/p>\n","protected":false},"author":1,"featured_media":0,"parent":0,"menu_order":0,"comment_status":"closed","ping_status":"closed","template":"page-builder.php","meta":[],"yoast_head":"<!-- This site is optimized with the Yoast SEO plugin v19.4 - https:\/\/yoast.com\/wordpress\/plugins\/seo\/ -->\n<title>Galeria Sztuki ToTuart - dzie\u0142a sztuki, malarstwo<\/title>\n<meta name=\"description\" content=\"Galeria Sztuki ToTuart pragnie promowa\u0107 wsp\u00f3\u0142czesnych tw\u00f3rc\u00f3w z dziedziny malarstwa, grafiki, rze\u017aby, fotografii, inkografii, tkaniny i designe.\" \/>\n<meta name=\"robots\" content=\"index, follow, max-snippet:-1, max-image-preview:large, max-video-preview:-1\" \/>\n<link rel=\"canonical\" href=\"https:\/\/totuart.com\/pl\/\" \/>\n<meta name=\"twitter:label1\" content=\"Szacowany czas czytania\" \/>\n\t<meta name=\"twitter:data1\" content=\"8 minut\" \/>\n<script type=\"application\/ld+json\" class=\"yoast-schema-graph\">{\"@context\":\"https:\/\/schema.org\",\"@graph\":[{\"@type\":\"Organization\",\"@id\":\"https:\/\/totuart.com\/pl\/#organization\",\"name\":\"ToTuart\",\"url\":\"https:\/\/totuart.com\/pl\/\",\"sameAs\":[\"https:\/\/www.instagram.com\/totuart\/\",\"https:\/\/pl.pinterest.com\/totuart_warsaw\/\",\"https:\/\/www.facebook.com\/ToTuart.gallery\/\"],\"logo\":{\"@type\":\"ImageObject\",\"inLanguage\":\"pl-PL\",\"@id\":\"https:\/\/totuart.com\/pl\/#\/schema\/logo\/image\/\",\"url\":\"https:\/\/totuart.com\/wp-content\/uploads\/2021\/11\/logo-dark.png\",\"contentUrl\":\"https:\/\/totuart.com\/wp-content\/uploads\/2021\/11\/logo-dark.png\",\"width\":249,\"height\":60,\"caption\":\"ToTuart\"},\"image\":{\"@id\":\"https:\/\/totuart.com\/pl\/#\/schema\/logo\/image\/\"}},{\"@type\":\"WebSite\",\"@id\":\"https:\/\/totuart.com\/pl\/#website\",\"url\":\"https:\/\/totuart.com\/pl\/\",\"name\":\"ToTuart\",\"description\":\"Galeria Sztuki ToTuart - dzie\u0142a sztuki, malarstwo\",\"publisher\":{\"@id\":\"https:\/\/totuart.com\/pl\/#organization\"},\"potentialAction\":[{\"@type\":\"SearchAction\",\"target\":{\"@type\":\"EntryPoint\",\"urlTemplate\":\"https:\/\/totuart.com\/pl\/?s={search_term_string}\"},\"query-input\":\"required name=search_term_string\"}],\"inLanguage\":\"pl-PL\"},{\"@type\":\"WebPage\",\"@id\":\"https:\/\/totuart.com\/pl\/pl.html\",\"url\":\"https:\/\/totuart.com\/pl\/\",\"name\":\"Galeria Sztuki ToTuart - dzie\u0142a sztuki, malarstwo\",\"isPartOf\":{\"@id\":\"https:\/\/totuart.com\/pl\/#website\"},\"datePublished\":\"2021-11-24T23:34:06+00:00\",\"dateModified\":\"2026-03-30T16:01:06+00:00\",\"description\":\"Galeria Sztuki ToTuart pragnie promowa\u0107 wsp\u00f3\u0142czesnych tw\u00f3rc\u00f3w z dziedziny malarstwa, grafiki, rze\u017aby, fotografii, inkografii, tkaniny i designe.\",\"breadcrumb\":{\"@id\":\"https:\/\/totuart.com\/pl\/#breadcrumb\"},\"inLanguage\":\"pl-PL\",\"potentialAction\":[{\"@type\":\"ReadAction\",\"target\":[\"https:\/\/totuart.com\/pl\/\"]}]},{\"@type\":\"BreadcrumbList\",\"@id\":\"https:\/\/totuart.com\/pl\/#breadcrumb\",\"itemListElement\":[{\"@type\":\"ListItem\",\"position\":1,\"name\":\"Strona g\u0142\u00f3wna\",\"item\":\"https:\/\/totuart.com\/pl\/pl.html\"},{\"@type\":\"ListItem\",\"position\":2,\"name\":\"Strona G\u0142\u00f3wna\"}]}]}<\/script>\n<!-- \/ Yoast SEO plugin. -->","yoast_head_json":{"title":"Galeria Sztuki ToTuart - dzie\u0142a sztuki, malarstwo","description":"Galeria Sztuki ToTuart pragnie promowa\u0107 wsp\u00f3\u0142czesnych tw\u00f3rc\u00f3w z dziedziny malarstwa, grafiki, rze\u017aby, fotografii, inkografii, tkaniny i designe.","robots":{"index":"index","follow":"follow","max-snippet":"max-snippet:-1","max-image-preview":"max-image-preview:large","max-video-preview":"max-video-preview:-1"},"canonical":"https:\/\/totuart.com\/pl\/","twitter_misc":{"Szacowany czas czytania":"8 minut"},"schema":{"@context":"https:\/\/schema.org","@graph":[{"@type":"Organization","@id":"https:\/\/totuart.com\/pl\/#organization","name":"ToTuart","url":"https:\/\/totuart.com\/pl\/","sameAs":["https:\/\/www.instagram.com\/totuart\/","https:\/\/pl.pinterest.com\/totuart_warsaw\/","https:\/\/www.facebook.com\/ToTuart.gallery\/"],"logo":{"@type":"ImageObject","inLanguage":"pl-PL","@id":"https:\/\/totuart.com\/pl\/#\/schema\/logo\/image\/","url":"https:\/\/totuart.com\/wp-content\/uploads\/2021\/11\/logo-dark.png","contentUrl":"https:\/\/totuart.com\/wp-content\/uploads\/2021\/11\/logo-dark.png","width":249,"height":60,"caption":"ToTuart"},"image":{"@id":"https:\/\/totuart.com\/pl\/#\/schema\/logo\/image\/"}},{"@type":"WebSite","@id":"https:\/\/totuart.com\/pl\/#website","url":"https:\/\/totuart.com\/pl\/","name":"ToTuart","description":"Galeria Sztuki ToTuart - dzie\u0142a sztuki, malarstwo","publisher":{"@id":"https:\/\/totuart.com\/pl\/#organization"},"potentialAction":[{"@type":"SearchAction","target":{"@type":"EntryPoint","urlTemplate":"https:\/\/totuart.com\/pl\/?s={search_term_string}"},"query-input":"required name=search_term_string"}],"inLanguage":"pl-PL"},{"@type":"WebPage","@id":"https:\/\/totuart.com\/pl\/pl.html","url":"https:\/\/totuart.com\/pl\/","name":"Galeria Sztuki ToTuart - dzie\u0142a sztuki, malarstwo","isPartOf":{"@id":"https:\/\/totuart.com\/pl\/#website"},"datePublished":"2021-11-24T23:34:06+00:00","dateModified":"2026-03-30T16:01:06+00:00","description":"Galeria Sztuki ToTuart pragnie promowa\u0107 wsp\u00f3\u0142czesnych tw\u00f3rc\u00f3w z dziedziny malarstwa, grafiki, rze\u017aby, fotografii, inkografii, tkaniny i designe.","breadcrumb":{"@id":"https:\/\/totuart.com\/pl\/#breadcrumb"},"inLanguage":"pl-PL","potentialAction":[{"@type":"ReadAction","target":["https:\/\/totuart.com\/pl\/"]}]},{"@type":"BreadcrumbList","@id":"https:\/\/totuart.com\/pl\/#breadcrumb","itemListElement":[{"@type":"ListItem","position":1,"name":"Strona g\u0142\u00f3wna","item":"https:\/\/totuart.com\/pl\/pl.html"},{"@type":"ListItem","position":2,"name":"Strona G\u0142\u00f3wna"}]}]}},"_links":{"self":[{"href":"https:\/\/totuart.com\/pl\/wp-json\/wp\/v2\/pages\/11047"}],"collection":[{"href":"https:\/\/totuart.com\/pl\/wp-json\/wp\/v2\/pages"}],"about":[{"href":"https:\/\/totuart.com\/pl\/wp-json\/wp\/v2\/types\/page"}],"author":[{"embeddable":true,"href":"https:\/\/totuart.com\/pl\/wp-json\/wp\/v2\/users\/1"}],"replies":[{"embeddable":true,"href":"https:\/\/totuart.com\/pl\/wp-json\/wp\/v2\/comments?post=11047"}],"version-history":[{"count":1609,"href":"https:\/\/totuart.com\/pl\/wp-json\/wp\/v2\/pages\/11047\/revisions"}],"predecessor-version":[{"id":19831,"href":"https:\/\/totuart.com\/pl\/wp-json\/wp\/v2\/pages\/11047\/revisions\/19831"}],"wp:attachment":[{"href":"https:\/\/totuart.com\/pl\/wp-json\/wp\/v2\/media?parent=11047"}],"curies":[{"name":"wp","href":"https:\/\/api.w.org\/{rel}","templated":true}]}}